{"id":346,"date":"2025-01-24T11:49:02","date_gmt":"2025-01-24T10:49:02","guid":{"rendered":"https:\/\/ortbell.com\/?page_id=346"},"modified":"2025-07-14T08:11:31","modified_gmt":"2025-07-14T06:11:31","slug":"inici","status":"publish","type":"page","link":"https:\/\/ortbell.com\/ca\/","title":{"rendered":"INICI"},"content":{"rendered":"\t\t<div data-elementor-type=\"wp-page\" data-elementor-id=\"346\" class=\"elementor elementor-346\" data-elementor-post-type=\"page\">\n\t\t\t\t<div class=\"elementor-element elementor-element-9cd36d5 elementor-hidden-tablet elementor-hidden-mobile e-flex e-con-boxed elementor-invisible e-con e-parent\" data-id=\"9cd36d5\" data-element_type=\"container\" data-settings=\"{&quot;background_background&quot;:&quot;classic&quot;,&quot;animation&quot;:&quot;fadeIn&quot;}\">\n\t\t\t\t\t<div class=\"e-con-inner\">\n\t\t\t\t\t<\/div>\n\t\t\t\t<\/div>\n\t\t<div class=\"elementor-element elementor-element-44b6c6f elementor-hidden-desktop e-flex e-con-boxed elementor-invisible e-con e-parent\" data-id=\"44b6c6f\" data-element_type=\"container\" data-settings=\"{&quot;background_background&quot;:&quot;classic&quot;,&quot;animation&quot;:&quot;fadeIn&quot;}\">\n\t\t\t\t\t<div class=\"e-con-inner\">\n\t\t\t\t\t<\/div>\n\t\t\t\t<\/div>\n\t\t<div class=\"elementor-element elementor-element-b92153a e-flex e-con-boxed e-con e-parent\" data-id=\"b92153a\" data-element_type=\"container\">\n\t\t\t\t\t<div class=\"e-con-inner\">\n\t\t<div class=\"elementor-element elementor-element-1f3afce e-con-full e-flex elementor-invisible e-con e-child\" data-id=\"1f3afce\" data-element_type=\"container\" data-settings=\"{&quot;animation&quot;:&quot;fadeInLeft&quot;}\">\n\t\t\t\t<div class=\"elementor-element elementor-element-af7f221 elementor-widget elementor-widget-text-editor\" data-id=\"af7f221\" data-element_type=\"widget\" data-widget_type=\"text-editor.default\">\n\t\t\t\t<div class=\"elementor-widget-container\">\n\t\t\t\t\t\t\t\t\t<p>Ortbell &#8211; Qui som? Qu\u00e8 fem?<\/p>\t\t\t\t\t\t\t\t<\/div>\n\t\t\t\t<\/div>\n\t\t\t\t<div class=\"elementor-element elementor-element-d36472c elementor-widget elementor-widget-text-editor\" data-id=\"d36472c\" data-element_type=\"widget\" data-widget_type=\"text-editor.default\">\n\t\t\t\t<div class=\"elementor-widget-container\">\n\t\t\t\t\t\t\t\t\t<p>Ortbell \u00e9s una empresa familiar fundada en 2003, resultat de 3 generacions produint i innovant dins del sector agroalimentari.<\/p><p>En 1912 s&#8217;inicia l&#8217;activitat agr\u00edcola en la fam\u00edlia per Antonio Ortiz Mayoral, seguit de la segona generaci\u00f3 amb Antonio Ortiz Gilart, i tercera generaci\u00f3, fundador de Ortbell i actual gerent Josep Antoni Ortiz Roure.<\/p><p>Ortbell va n\u00e9ixer amb un ferm comprom\u00eds en la producci\u00f3 i comercialitzaci\u00f3 de fruita fresca de qualitat sota la marca Simpatia. Amb el temps, hem evolucionat per a expandir els nostres serveis en el sector agroalimentari i el turisme. Aix\u00ed han nascut Fruits Simpatia \u00ae, Vivers Ortbell, Rosco Fruits \u00ae, Honey Figs \u00ae, Music Oil \u00ae i Castell Palau, marques que reflecteixen la nostra diversificaci\u00f3 i capacitat per a oferir solucions en sectors tan variats com l&#8217;alimentari, el tur\u00edstic i altres ind\u00fastries.<\/p><p>Avui dia, ens adaptem a les canviants necessitats del mercat per a brindar productes i serveis innovadors i sostenibles que responen a la confian\u00e7a dels nostres clients ja el nostre comprom\u00eds amb la qualitat i frescor. Aquesta transformaci\u00f3 ens ha perm\u00e8s expandir la nostra experi\u00e8ncia i oferir noves oportunitats als nostres clients i col\u00b7laboradors, amb la mateixa dedicaci\u00f3 que ens va caracteritzar en els nostres inicis.<\/p>\t\t\t\t\t\t\t\t<\/div>\n\t\t\t\t<\/div>\n\t\t\t\t<\/div>\n\t\t<div class=\"elementor-element elementor-element-ecfea8f e-con-full e-flex elementor-invisible e-con e-child\" data-id=\"ecfea8f\" data-element_type=\"container\" data-settings=\"{&quot;background_background&quot;:&quot;classic&quot;,&quot;animation&quot;:&quot;fadeInRight&quot;}\">\n\t\t<div class=\"elementor-element elementor-element-ccf5972 e-con-full e-flex e-con e-child\" data-id=\"ccf5972\" data-element_type=\"container\">\n\t\t<div class=\"elementor-element elementor-element-9c99f87 e-con-full e-flex e-con e-child\" data-id=\"9c99f87\" data-element_type=\"container\">\n\t\t\t\t<div class=\"elementor-element elementor-element-74f451f elementor-invisible elementor-widget elementor-widget-image\" data-id=\"74f451f\" data-element_type=\"widget\" data-settings=\"{&quot;_animation&quot;:&quot;fadeInLeft&quot;}\" data-widget_type=\"image.default\">\n\t\t\t\t<div class=\"elementor-widget-container\">\n\t\t\t\t\t\t\t\t\t\t\t\t\t\t\t<img fetchpriority=\"high\" decoding=\"async\" width=\"180\" height=\"280\" src=\"https:\/\/ortbell.com\/wp-content\/uploads\/2025\/01\/ort-bell-foto-vella-1.jpg\" class=\"attachment-full size-full wp-image-364\" alt=\"\" \/>\t\t\t\t\t\t\t\t\t\t\t\t\t\t\t<\/div>\n\t\t\t\t<\/div>\n\t\t\t\t<\/div>\n\t\t<div class=\"elementor-element elementor-element-aa84e65 e-con-full e-flex e-con e-child\" data-id=\"aa84e65\" data-element_type=\"container\">\n\t\t\t\t<div class=\"elementor-element elementor-element-d7918aa elementor-invisible elementor-widget elementor-widget-image\" data-id=\"d7918aa\" data-element_type=\"widget\" data-settings=\"{&quot;_animation&quot;:&quot;fadeInRight&quot;}\" data-widget_type=\"image.default\">\n\t\t\t\t<div class=\"elementor-widget-container\">\n\t\t\t\t\t\t\t\t\t\t\t\t\t\t\t<img decoding=\"async\" width=\"180\" height=\"280\" src=\"https:\/\/ortbell.com\/wp-content\/uploads\/2025\/01\/ort-bell-foto-vella-2.jpg\" class=\"attachment-full size-full wp-image-366\" alt=\"\" \/>\t\t\t\t\t\t\t\t\t\t\t\t\t\t\t<\/div>\n\t\t\t\t<\/div>\n\t\t\t\t<\/div>\n\t\t<div class=\"elementor-element elementor-element-12a1874 e-con-full elementor-hidden-desktop e-flex e-con e-child\" data-id=\"12a1874\" data-element_type=\"container\">\n\t\t\t\t<div class=\"elementor-element elementor-element-2606686 elementor-invisible elementor-widget elementor-widget-image\" data-id=\"2606686\" data-element_type=\"widget\" data-settings=\"{&quot;_animation&quot;:&quot;fadeInUp&quot;}\" data-widget_type=\"image.default\">\n\t\t\t\t<div class=\"elementor-widget-container\">\n\t\t\t\t\t\t\t\t\t\t\t\t\t\t\t<img decoding=\"async\" width=\"180\" height=\"280\" src=\"https:\/\/ortbell.com\/wp-content\/uploads\/2025\/07\/foto-inici-1.png\" class=\"attachment-full size-full wp-image-1847\" alt=\"\" \/>\t\t\t\t\t\t\t\t\t\t\t\t\t\t\t<\/div>\n\t\t\t\t<\/div>\n\t\t\t\t<\/div>\n\t\t\t\t<\/div>\n\t\t<div class=\"elementor-element elementor-element-e072b0a e-con-full elementor-hidden-tablet elementor-hidden-mobile e-flex e-con e-child\" data-id=\"e072b0a\" data-element_type=\"container\">\n\t\t<div class=\"elementor-element elementor-element-a6360cb e-con-full e-flex e-con e-child\" data-id=\"a6360cb\" data-element_type=\"container\">\n\t\t\t\t<div class=\"elementor-element elementor-element-5a33d75 elementor-invisible elementor-widget elementor-widget-image\" data-id=\"5a33d75\" data-element_type=\"widget\" data-settings=\"{&quot;_animation&quot;:&quot;fadeInUp&quot;}\" data-widget_type=\"image.default\">\n\t\t\t\t<div class=\"elementor-widget-container\">\n\t\t\t\t\t\t\t\t\t\t\t\t\t\t\t<img decoding=\"async\" width=\"180\" height=\"280\" src=\"https:\/\/ortbell.com\/wp-content\/uploads\/2025\/07\/foto-inici-1.png\" class=\"attachment-full size-full wp-image-1847\" alt=\"\" \/>\t\t\t\t\t\t\t\t\t\t\t\t\t\t\t<\/div>\n\t\t\t\t<\/div>\n\t\t\t\t<\/div>\n\t\t\t\t<\/div>\n\t\t\t\t<\/div>\n\t\t\t\t\t<\/div>\n\t\t\t\t<\/div>\n\t\t<div class=\"elementor-element elementor-element-dc68268 e-flex e-con-boxed elementor-invisible e-con e-parent\" data-id=\"dc68268\" data-element_type=\"container\" data-settings=\"{&quot;background_background&quot;:&quot;classic&quot;,&quot;animation&quot;:&quot;fadeInUp&quot;}\">\n\t\t\t\t\t<div class=\"e-con-inner\">\n\t\t<div class=\"elementor-element elementor-element-57d67b2 e-con-full e-flex e-con e-child\" data-id=\"57d67b2\" data-element_type=\"container\">\n\t\t<div class=\"elementor-element elementor-element-c0f4c3f e-con-full e-flex e-con e-child\" data-id=\"c0f4c3f\" data-element_type=\"container\">\n\t\t\t\t<div class=\"elementor-element elementor-element-21d788a elementor-widget elementor-widget-heading\" data-id=\"21d788a\" data-element_type=\"widget\" data-widget_type=\"heading.default\">\n\t\t\t\t<div class=\"elementor-widget-container\">\n\t\t\t\t\t<h2 class=\"elementor-heading-title elementor-size-default\">Fruita Simpatia  \u00ae<\/h2>\t\t\t\t<\/div>\n\t\t\t\t<\/div>\n\t\t\t\t<div class=\"elementor-element elementor-element-b6c1098 elementor-widget elementor-widget-text-editor\" data-id=\"b6c1098\" data-element_type=\"widget\" data-widget_type=\"text-editor.default\">\n\t\t\t\t<div class=\"elementor-widget-container\">\n\t\t\t\t\t\t\t\t\t<p>Producci\u00f3 i comercialitzaci\u00f3 de cireres, albercocs, nectarines, paraguaians, magranes i figues. On la qualitat, la frescor, la sostenibilitat i innovaci\u00f3 s\u00f3n els nostres pilars fonamentals.<br \/>La fruita es comercialitza sota la marca Simpatia<\/p>\t\t\t\t\t\t\t\t<\/div>\n\t\t\t\t<\/div>\n\t\t\t\t<div class=\"elementor-element elementor-element-c5b5ec7 elementor-align-center elementor-widget elementor-widget-button\" data-id=\"c5b5ec7\" data-element_type=\"widget\" data-widget_type=\"button.default\">\n\t\t\t\t<div class=\"elementor-widget-container\">\n\t\t\t\t\t\t\t\t\t<div class=\"elementor-button-wrapper\">\n\t\t\t\t\t<a class=\"elementor-button elementor-button-link elementor-size-sm\" href=\"https:\/\/ortbell.com\/ca\/fruita-simpatia\/\">\n\t\t\t\t\t\t<span class=\"elementor-button-content-wrapper\">\n\t\t\t\t\t\t\t\t\t<span class=\"elementor-button-text\">Veure m\u00e9s<\/span>\n\t\t\t\t\t<\/span>\n\t\t\t\t\t<\/a>\n\t\t\t\t<\/div>\n\t\t\t\t\t\t\t\t<\/div>\n\t\t\t\t<\/div>\n\t\t\t\t<\/div>\n\t\t<div class=\"elementor-element elementor-element-2a6578f e-con-full e-flex e-con e-child\" data-id=\"2a6578f\" data-element_type=\"container\">\n\t\t\t\t<div class=\"elementor-element elementor-element-01d9eb7 elementor-widget elementor-widget-heading\" data-id=\"01d9eb7\" data-element_type=\"widget\" data-widget_type=\"heading.default\">\n\t\t\t\t<div class=\"elementor-widget-container\">\n\t\t\t\t\t<h2 class=\"elementor-heading-title elementor-size-default\">Honey Figs \u00ae<\/h2>\t\t\t\t<\/div>\n\t\t\t\t<\/div>\n\t\t\t\t<div class=\"elementor-element elementor-element-0c86424 elementor-widget elementor-widget-text-editor\" data-id=\"0c86424\" data-element_type=\"widget\" data-widget_type=\"text-editor.default\">\n\t\t\t\t<div class=\"elementor-widget-container\">\n\t\t\t\t\t\t\t\t\t<p><br \/>Honey figs \u00e9s el nom que hem registrat per una nova varietat de figa, de la qual som obtentors. Actualment estem treballant per a crear tamb\u00e9 un Club, el qual ser\u00e0 el primer Club dedicat exclusivament a la figa a nivell mundial.<\/p>\t\t\t\t\t\t\t\t<\/div>\n\t\t\t\t<\/div>\n\t\t\t\t<div class=\"elementor-element elementor-element-c48b6e8 elementor-align-center elementor-widget elementor-widget-button\" data-id=\"c48b6e8\" data-element_type=\"widget\" data-widget_type=\"button.default\">\n\t\t\t\t<div class=\"elementor-widget-container\">\n\t\t\t\t\t\t\t\t\t<div class=\"elementor-button-wrapper\">\n\t\t\t\t\t<a class=\"elementor-button elementor-button-link elementor-size-sm\" href=\"https:\/\/ortbell.com\/ca\/honey-figs\/\">\n\t\t\t\t\t\t<span class=\"elementor-button-content-wrapper\">\n\t\t\t\t\t\t\t\t\t<span class=\"elementor-button-text\">Veure m\u00e9s<\/span>\n\t\t\t\t\t<\/span>\n\t\t\t\t\t<\/a>\n\t\t\t\t<\/div>\n\t\t\t\t\t\t\t\t<\/div>\n\t\t\t\t<\/div>\n\t\t\t\t<\/div>\n\t\t<div class=\"elementor-element elementor-element-ffd5117 e-con-full e-flex e-con e-child\" data-id=\"ffd5117\" data-element_type=\"container\">\n\t\t\t\t<div class=\"elementor-element elementor-element-38d3b8f elementor-widget elementor-widget-heading\" data-id=\"38d3b8f\" data-element_type=\"widget\" data-widget_type=\"heading.default\">\n\t\t\t\t<div class=\"elementor-widget-container\">\n\t\t\t\t\t<h2 class=\"elementor-heading-title elementor-size-default\">Vivers Ortbell<\/h2>\t\t\t\t<\/div>\n\t\t\t\t<\/div>\n\t\t\t\t<div class=\"elementor-element elementor-element-a4222ac elementor-widget elementor-widget-text-editor\" data-id=\"a4222ac\" data-element_type=\"widget\" data-widget_type=\"text-editor.default\">\n\t\t\t\t<div class=\"elementor-widget-container\">\n\t\t\t\t\t\t\t\t\t<p>Produ\u00efm i distribu\u00efm planta de figa varietat Coll de Dama (negra i verd) i Toro Sentado, amb test, amb una capacitat anual de +40.0000 plantes.<\/p>\t\t\t\t\t\t\t\t<\/div>\n\t\t\t\t<\/div>\n\t\t\t\t<div class=\"elementor-element elementor-element-8f8035a elementor-align-center elementor-widget elementor-widget-button\" data-id=\"8f8035a\" data-element_type=\"widget\" data-widget_type=\"button.default\">\n\t\t\t\t<div class=\"elementor-widget-container\">\n\t\t\t\t\t\t\t\t\t<div class=\"elementor-button-wrapper\">\n\t\t\t\t\t<a class=\"elementor-button elementor-button-link elementor-size-sm\" href=\"https:\/\/ortbell.com\/ca\/vivers\/\">\n\t\t\t\t\t\t<span class=\"elementor-button-content-wrapper\">\n\t\t\t\t\t\t\t\t\t<span class=\"elementor-button-text\">Veure m\u00e9s<\/span>\n\t\t\t\t\t<\/span>\n\t\t\t\t\t<\/a>\n\t\t\t\t<\/div>\n\t\t\t\t\t\t\t\t<\/div>\n\t\t\t\t<\/div>\n\t\t\t\t<\/div>\n\t\t\t\t<\/div>\n\t\t<div class=\"elementor-element elementor-element-64d9f00 e-con-full e-flex e-con e-child\" data-id=\"64d9f00\" data-element_type=\"container\">\n\t\t<div class=\"elementor-element elementor-element-29976e8 e-con-full e-flex e-con e-child\" data-id=\"29976e8\" data-element_type=\"container\">\n\t\t\t\t<div class=\"elementor-element elementor-element-1af124a elementor-widget elementor-widget-heading\" data-id=\"1af124a\" data-element_type=\"widget\" data-widget_type=\"heading.default\">\n\t\t\t\t<div class=\"elementor-widget-container\">\n\t\t\t\t\t<h2 class=\"elementor-heading-title elementor-size-default\">Rosco Fruits \u00ae<\/h2>\t\t\t\t<\/div>\n\t\t\t\t<\/div>\n\t\t\t\t<div class=\"elementor-element elementor-element-39cec21 elementor-widget elementor-widget-text-editor\" data-id=\"39cec21\" data-element_type=\"widget\" data-widget_type=\"text-editor.default\">\n\t\t\t\t<div class=\"elementor-widget-container\">\n\t\t\t\t\t\t\t\t\t<p>IV Gamma. Producte molt innovador i que \u00e9s una<br \/>soluci\u00f3 alternativa a la brioixeria industrial. Poma deshidratada en fred (sistema desenvolupat per Ortbell) banyada amb 2 tipus de xocolata. Tamb\u00e9 oferim una l\u00ednia d&#8217;infusions amb els excedents de la pell de la poma.<\/p>\t\t\t\t\t\t\t\t<\/div>\n\t\t\t\t<\/div>\n\t\t\t\t<div class=\"elementor-element elementor-element-5a35620 elementor-align-center elementor-widget elementor-widget-button\" data-id=\"5a35620\" data-element_type=\"widget\" data-widget_type=\"button.default\">\n\t\t\t\t<div class=\"elementor-widget-container\">\n\t\t\t\t\t\t\t\t\t<div class=\"elementor-button-wrapper\">\n\t\t\t\t\t<a class=\"elementor-button elementor-button-link elementor-size-sm\" href=\"https:\/\/www.roscofruits.com\/\" target=\"_blank\">\n\t\t\t\t\t\t<span class=\"elementor-button-content-wrapper\">\n\t\t\t\t\t\t\t\t\t<span class=\"elementor-button-text\">Veure m\u00e9s<\/span>\n\t\t\t\t\t<\/span>\n\t\t\t\t\t<\/a>\n\t\t\t\t<\/div>\n\t\t\t\t\t\t\t\t<\/div>\n\t\t\t\t<\/div>\n\t\t\t\t<\/div>\n\t\t<div class=\"elementor-element elementor-element-e0882b7 e-con-full e-flex e-con e-child\" data-id=\"e0882b7\" data-element_type=\"container\">\n\t\t\t\t<div class=\"elementor-element elementor-element-0840131 elementor-widget elementor-widget-heading\" data-id=\"0840131\" data-element_type=\"widget\" data-widget_type=\"heading.default\">\n\t\t\t\t<div class=\"elementor-widget-container\">\n\t\t\t\t\t<h2 class=\"elementor-heading-title elementor-size-default\">Music Oil \u00ae<\/h2>\t\t\t\t<\/div>\n\t\t\t\t<\/div>\n\t\t\t\t<div class=\"elementor-element elementor-element-b9d032a elementor-widget elementor-widget-text-editor\" data-id=\"b9d032a\" data-element_type=\"widget\" data-widget_type=\"text-editor.default\">\n\t\t\t\t<div class=\"elementor-widget-container\">\n\t\t\t\t\t\t\t\t\t<p>Music Oil \u00e9s la marca comercial del nostre oli amb \u00e0nima. Oli verd de primera premsada, ecol\u00f2gic i d&#8217;oliveres que creixen amb m\u00fasica. Produ\u00eft a Torrebesses &#8211; Lleida.<\/p>\t\t\t\t\t\t\t\t<\/div>\n\t\t\t\t<\/div>\n\t\t\t\t<div class=\"elementor-element elementor-element-360d754 elementor-align-center elementor-widget elementor-widget-button\" data-id=\"360d754\" data-element_type=\"widget\" data-widget_type=\"button.default\">\n\t\t\t\t<div class=\"elementor-widget-container\">\n\t\t\t\t\t\t\t\t\t<div class=\"elementor-button-wrapper\">\n\t\t\t\t\t<a class=\"elementor-button elementor-button-link elementor-size-sm\" href=\"https:\/\/ortbell.com\/ca\/music-oil\/\">\n\t\t\t\t\t\t<span class=\"elementor-button-content-wrapper\">\n\t\t\t\t\t\t\t\t\t<span class=\"elementor-button-text\">Veure m\u00e9s<\/span>\n\t\t\t\t\t<\/span>\n\t\t\t\t\t<\/a>\n\t\t\t\t<\/div>\n\t\t\t\t\t\t\t\t<\/div>\n\t\t\t\t<\/div>\n\t\t\t\t<\/div>\n\t\t<div class=\"elementor-element elementor-element-47d036d e-con-full e-flex e-con e-child\" data-id=\"47d036d\" data-element_type=\"container\">\n\t\t\t\t<div class=\"elementor-element elementor-element-79b5c35 elementor-widget elementor-widget-heading\" data-id=\"79b5c35\" data-element_type=\"widget\" data-widget_type=\"heading.default\">\n\t\t\t\t<div class=\"elementor-widget-container\">\n\t\t\t\t\t<h2 class=\"elementor-heading-title elementor-size-default\">Castell Palau Torrebesses<\/h2>\t\t\t\t<\/div>\n\t\t\t\t<\/div>\n\t\t\t\t<div class=\"elementor-element elementor-element-b11b371 elementor-widget elementor-widget-text-editor\" data-id=\"b11b371\" data-element_type=\"widget\" data-widget_type=\"text-editor.default\">\n\t\t\t\t<div class=\"elementor-widget-container\">\n\t\t\t\t\t\t\t\t\t<p>Castell situat a Torrebesses, amb m\u00e9s de 1000 anys d&#8217;hist\u00f2ria i catalogat com a patrimoni nacional. Actualment oferim servei d&#8217;allotjament com a casa rural on es pot gaudir de la cultura i patrimoni que envolta el municipi.<\/p>\t\t\t\t\t\t\t\t<\/div>\n\t\t\t\t<\/div>\n\t\t\t\t<div class=\"elementor-element elementor-element-1b475df elementor-align-center elementor-widget elementor-widget-button\" data-id=\"1b475df\" data-element_type=\"widget\" data-widget_type=\"button.default\">\n\t\t\t\t<div class=\"elementor-widget-container\">\n\t\t\t\t\t\t\t\t\t<div class=\"elementor-button-wrapper\">\n\t\t\t\t\t<a class=\"elementor-button elementor-button-link elementor-size-sm\" href=\"https:\/\/ortbell.com\/castell-palau\/\">\n\t\t\t\t\t\t<span class=\"elementor-button-content-wrapper\">\n\t\t\t\t\t\t\t\t\t<span class=\"elementor-button-text\">Veure m\u00e9s<\/span>\n\t\t\t\t\t<\/span>\n\t\t\t\t\t<\/a>\n\t\t\t\t<\/div>\n\t\t\t\t\t\t\t\t<\/div>\n\t\t\t\t<\/div>\n\t\t\t\t<\/div>\n\t\t\t\t<\/div>\n\t\t\t\t\t<\/div>\n\t\t\t\t<\/div>\n\t\t\t\t<\/div>\n\t\t","protected":false},"excerpt":{"rendered":"<p>Ortbell &#8211; Qui som? Qu\u00e8 fem? Ortbell \u00e9s una empresa familiar fundada en 2003, resultat de 3 generacions produint i innovant dins del sector agroalimentari. En 1912 s&#8217;inicia l&#8217;activitat agr\u00edcola en la fam\u00edlia per Antonio Ortiz Mayoral, seguit de la segona generaci\u00f3 amb Antonio Ortiz Gilart, i tercera generaci\u00f3, fundador de Ortbell i actual gerent [&hellip;]<\/p>\n","protected":false},"author":2,"featured_media":0,"parent":0,"menu_order":0,"comment_status":"closed","ping_status":"closed","template":"elementor_header_footer","meta":{"footnotes":""},"class_list":["post-346","page","type-page","status-publish","hentry"],"yoast_head":"<!-- This site is optimized with the Yoast SEO plugin v26.5 - https:\/\/yoast.com\/wordpress\/plugins\/seo\/ -->\n<title>INICI - Ortbell CMS<\/title>\n<meta name=\"robots\" content=\"index, follow, max-snippet:-1, max-image-preview:large, max-video-preview:-1\" \/>\n<link rel=\"canonical\" href=\"https:\/\/ortbell.com\/\" \/>\n<meta property=\"og:locale\" content=\"ca_ES\" \/>\n<meta property=\"og:type\" content=\"article\" \/>\n<meta property=\"og:title\" content=\"INICI - Ortbell CMS\" \/>\n<meta property=\"og:description\" content=\"Ortbell &#8211; Qui som? Qu\u00e8 fem? Ortbell \u00e9s una empresa familiar fundada en 2003, resultat de 3 generacions produint i innovant dins del sector agroalimentari. En 1912 s&#8217;inicia l&#8217;activitat agr\u00edcola en la fam\u00edlia per Antonio Ortiz Mayoral, seguit de la segona generaci\u00f3 amb Antonio Ortiz Gilart, i tercera generaci\u00f3, fundador de Ortbell i actual gerent [&hellip;]\" \/>\n<meta property=\"og:url\" content=\"https:\/\/ortbell.com\/\" \/>\n<meta property=\"og:site_name\" content=\"Ortbell CMS\" \/>\n<meta property=\"article:modified_time\" content=\"2025-07-14T06:11:31+00:00\" \/>\n<meta property=\"og:image\" content=\"https:\/\/ortbell.com\/wp-content\/uploads\/2025\/01\/ort-bell-foto-vella-1.jpg\" \/>\n\t<meta property=\"og:image:width\" content=\"180\" \/>\n\t<meta property=\"og:image:height\" content=\"280\" \/>\n\t<meta property=\"og:image:type\" content=\"image\/jpeg\" \/>\n<meta name=\"twitter:card\" content=\"summary_large_image\" \/>\n<meta name=\"twitter:label1\" content=\"Temps estimat de lectura\" \/>\n\t<meta name=\"twitter:data1\" content=\"4 minuts\" \/>\n<script type=\"application\/ld+json\" class=\"yoast-schema-graph\">{\"@context\":\"https:\/\/schema.org\",\"@graph\":[{\"@type\":\"WebPage\",\"@id\":\"https:\/\/ortbell.com\/\",\"url\":\"https:\/\/ortbell.com\/\",\"name\":\"INICI - Ortbell CMS\",\"isPartOf\":{\"@id\":\"https:\/\/ortbell.com\/#website\"},\"primaryImageOfPage\":{\"@id\":\"https:\/\/ortbell.com\/#primaryimage\"},\"image\":{\"@id\":\"https:\/\/ortbell.com\/#primaryimage\"},\"thumbnailUrl\":\"https:\/\/ortbell.com\/wp-content\/uploads\/2025\/01\/ort-bell-foto-vella-1.jpg\",\"datePublished\":\"2025-01-24T10:49:02+00:00\",\"dateModified\":\"2025-07-14T06:11:31+00:00\",\"breadcrumb\":{\"@id\":\"https:\/\/ortbell.com\/#breadcrumb\"},\"inLanguage\":\"ca\",\"potentialAction\":[{\"@type\":\"ReadAction\",\"target\":[\"https:\/\/ortbell.com\/\"]}]},{\"@type\":\"ImageObject\",\"inLanguage\":\"ca\",\"@id\":\"https:\/\/ortbell.com\/#primaryimage\",\"url\":\"https:\/\/ortbell.com\/wp-content\/uploads\/2025\/01\/ort-bell-foto-vella-1.jpg\",\"contentUrl\":\"https:\/\/ortbell.com\/wp-content\/uploads\/2025\/01\/ort-bell-foto-vella-1.jpg\"},{\"@type\":\"BreadcrumbList\",\"@id\":\"https:\/\/ortbell.com\/#breadcrumb\",\"itemListElement\":[{\"@type\":\"ListItem\",\"position\":1,\"name\":\"Portada\",\"item\":\"https:\/\/ortbell.com\/\"},{\"@type\":\"ListItem\",\"position\":2,\"name\":\"INICI\"}]},{\"@type\":\"WebSite\",\"@id\":\"https:\/\/ortbell.com\/#website\",\"url\":\"https:\/\/ortbell.com\/\",\"name\":\"Ortbell CMS\",\"description\":\"Just another WordPress site\",\"potentialAction\":[{\"@type\":\"SearchAction\",\"target\":{\"@type\":\"EntryPoint\",\"urlTemplate\":\"https:\/\/ortbell.com\/?s={search_term_string}\"},\"query-input\":{\"@type\":\"PropertyValueSpecification\",\"valueRequired\":true,\"valueName\":\"search_term_string\"}}],\"inLanguage\":\"ca\"}]}<\/script>\n<!-- \/ Yoast SEO plugin. -->","yoast_head_json":{"title":"INICI - Ortbell CMS","robots":{"index":"index","follow":"follow","max-snippet":"max-snippet:-1","max-image-preview":"max-image-preview:large","max-video-preview":"max-video-preview:-1"},"canonical":"https:\/\/ortbell.com\/","og_locale":"ca_ES","og_type":"article","og_title":"INICI - Ortbell CMS","og_description":"Ortbell &#8211; Qui som? Qu\u00e8 fem? Ortbell \u00e9s una empresa familiar fundada en 2003, resultat de 3 generacions produint i innovant dins del sector agroalimentari. En 1912 s&#8217;inicia l&#8217;activitat agr\u00edcola en la fam\u00edlia per Antonio Ortiz Mayoral, seguit de la segona generaci\u00f3 amb Antonio Ortiz Gilart, i tercera generaci\u00f3, fundador de Ortbell i actual gerent [&hellip;]","og_url":"https:\/\/ortbell.com\/","og_site_name":"Ortbell CMS","article_modified_time":"2025-07-14T06:11:31+00:00","og_image":[{"width":180,"height":280,"url":"https:\/\/ortbell.com\/wp-content\/uploads\/2025\/01\/ort-bell-foto-vella-1.jpg","type":"image\/jpeg"}],"twitter_card":"summary_large_image","twitter_misc":{"Temps estimat de lectura":"4 minuts"},"schema":{"@context":"https:\/\/schema.org","@graph":[{"@type":"WebPage","@id":"https:\/\/ortbell.com\/","url":"https:\/\/ortbell.com\/","name":"INICI - Ortbell CMS","isPartOf":{"@id":"https:\/\/ortbell.com\/#website"},"primaryImageOfPage":{"@id":"https:\/\/ortbell.com\/#primaryimage"},"image":{"@id":"https:\/\/ortbell.com\/#primaryimage"},"thumbnailUrl":"https:\/\/ortbell.com\/wp-content\/uploads\/2025\/01\/ort-bell-foto-vella-1.jpg","datePublished":"2025-01-24T10:49:02+00:00","dateModified":"2025-07-14T06:11:31+00:00","breadcrumb":{"@id":"https:\/\/ortbell.com\/#breadcrumb"},"inLanguage":"ca","potentialAction":[{"@type":"ReadAction","target":["https:\/\/ortbell.com\/"]}]},{"@type":"ImageObject","inLanguage":"ca","@id":"https:\/\/ortbell.com\/#primaryimage","url":"https:\/\/ortbell.com\/wp-content\/uploads\/2025\/01\/ort-bell-foto-vella-1.jpg","contentUrl":"https:\/\/ortbell.com\/wp-content\/uploads\/2025\/01\/ort-bell-foto-vella-1.jpg"},{"@type":"BreadcrumbList","@id":"https:\/\/ortbell.com\/#breadcrumb","itemListElement":[{"@type":"ListItem","position":1,"name":"Portada","item":"https:\/\/ortbell.com\/"},{"@type":"ListItem","position":2,"name":"INICI"}]},{"@type":"WebSite","@id":"https:\/\/ortbell.com\/#website","url":"https:\/\/ortbell.com\/","name":"Ortbell CMS","description":"Just another WordPress site","potentialAction":[{"@type":"SearchAction","target":{"@type":"EntryPoint","urlTemplate":"https:\/\/ortbell.com\/?s={search_term_string}"},"query-input":{"@type":"PropertyValueSpecification","valueRequired":true,"valueName":"search_term_string"}}],"inLanguage":"ca"}]}},"_links":{"self":[{"href":"https:\/\/ortbell.com\/ca\/wp-json\/wp\/v2\/pages\/346","targetHints":{"allow":["GET"]}}],"collection":[{"href":"https:\/\/ortbell.com\/ca\/wp-json\/wp\/v2\/pages"}],"about":[{"href":"https:\/\/ortbell.com\/ca\/wp-json\/wp\/v2\/types\/page"}],"author":[{"embeddable":true,"href":"https:\/\/ortbell.com\/ca\/wp-json\/wp\/v2\/users\/2"}],"replies":[{"embeddable":true,"href":"https:\/\/ortbell.com\/ca\/wp-json\/wp\/v2\/comments?post=346"}],"version-history":[{"count":129,"href":"https:\/\/ortbell.com\/ca\/wp-json\/wp\/v2\/pages\/346\/revisions"}],"predecessor-version":[{"id":1866,"href":"https:\/\/ortbell.com\/ca\/wp-json\/wp\/v2\/pages\/346\/revisions\/1866"}],"wp:attachment":[{"href":"https:\/\/ortbell.com\/ca\/wp-json\/wp\/v2\/media?parent=346"}],"curies":[{"name":"wp","href":"https:\/\/api.w.org\/{rel}","templated":true}]}}