{"id":488,"date":"2025-01-27T16:40:27","date_gmt":"2025-01-27T15:40:27","guid":{"rendered":"https:\/\/ortbell.com\/?page_id=488"},"modified":"2025-11-11T13:25:56","modified_gmt":"2025-11-11T12:25:56","slug":"music-oil","status":"publish","type":"page","link":"https:\/\/ortbell.com\/ca\/music-oil\/","title":{"rendered":"MUSIC OIL"},"content":{"rendered":"\t\t<div data-elementor-type=\"wp-page\" data-elementor-id=\"488\" class=\"elementor elementor-488\" data-elementor-post-type=\"page\">\n\t\t\t\t<div class=\"elementor-element elementor-element-71354c6 e-con-full elementor-hidden-tablet elementor-hidden-mobile e-flex elementor-invisible e-con e-parent\" data-id=\"71354c6\" data-element_type=\"container\" data-settings=\"{&quot;background_background&quot;:&quot;classic&quot;,&quot;animation&quot;:&quot;fadeIn&quot;}\">\n\t\t\t\t<\/div>\n\t\t<div class=\"elementor-element elementor-element-73d0bf2 e-con-full elementor-hidden-desktop e-flex elementor-invisible e-con e-parent\" data-id=\"73d0bf2\" data-element_type=\"container\" data-settings=\"{&quot;background_background&quot;:&quot;classic&quot;,&quot;animation&quot;:&quot;fadeIn&quot;}\">\n\t\t\t\t<\/div>\n\t\t<div class=\"elementor-element elementor-element-3267563 e-flex e-con-boxed e-con e-parent\" data-id=\"3267563\" data-element_type=\"container\">\n\t\t\t\t\t<div class=\"e-con-inner\">\n\t\t<div class=\"elementor-element elementor-element-466d3b7 e-con-full e-flex elementor-invisible e-con e-child\" data-id=\"466d3b7\" data-element_type=\"container\" data-settings=\"{&quot;animation&quot;:&quot;fadeInLeft&quot;}\">\n\t\t\t\t<div class=\"elementor-element elementor-element-97bf37c elementor-widget elementor-widget-text-editor\" data-id=\"97bf37c\" data-element_type=\"widget\" data-widget_type=\"text-editor.default\">\n\t\t\t\t<div class=\"elementor-widget-container\">\n\t\t\t\t\t\t\t\t\t<h1 style=\"font-size: 18px;\">Oliveres criades amb m\u00fasica, un oli amb \u00e0nima. Oli verd verge extra de primera premsada i 100% ecol\u00f2gic.<\/h1>\t\t\t\t\t\t\t\t<\/div>\n\t\t\t\t<\/div>\n\t\t\t\t<div class=\"elementor-element elementor-element-fd77223 elementor-mobile-align-center elementor-widget elementor-widget-button\" data-id=\"fd77223\" data-element_type=\"widget\" data-widget_type=\"button.default\">\n\t\t\t\t<div class=\"elementor-widget-container\">\n\t\t\t\t\t\t\t\t\t<div class=\"elementor-button-wrapper\">\n\t\t\t\t\t<a class=\"elementor-button elementor-button-link elementor-size-sm\" href=\"https:\/\/ortbell.com\/ca\/botiga\/\">\n\t\t\t\t\t\t<span class=\"elementor-button-content-wrapper\">\n\t\t\t\t\t\t\t\t\t<span class=\"elementor-button-text\">Comprar<\/span>\n\t\t\t\t\t<\/span>\n\t\t\t\t\t<\/a>\n\t\t\t\t<\/div>\n\t\t\t\t\t\t\t\t<\/div>\n\t\t\t\t<\/div>\n\t\t\t\t<div class=\"elementor-element elementor-element-cc55583 elementor-widget elementor-widget-text-editor\" data-id=\"cc55583\" data-element_type=\"widget\" data-widget_type=\"text-editor.default\">\n\t\t\t\t<div class=\"elementor-widget-container\">\n\t\t\t\t\t\t\t\t\t<p>Josep Anton Ortiz, fundador i actual gerent de la fam\u00edlia Ortbell, decideix apostar pel cultiu d&#8217;oliveres amb m\u00fasica. Volem oferir un oli diferent. \u201d La idea \u00e9s acabar fent un producte solidari, ecol\u00f2gic i que tingui \u00e0nima\u201d.<\/p><p>Ho fem mitjan\u00e7ant la instal\u00b7laci\u00f3 d&#8217;altaveus en la finca, programats amb un fil musical. Assegurem que aix\u00f2 t\u00e9 un resultat molt benefici\u00f3s per als arbres i que es nota en el resultat de l&#8217;oli que es produeix.<\/p><p>A vegades ens preguntem quina m\u00fasica va b\u00e9 en cada tipus de plantes. Hem adaptat els decibels al paisatge i creiem que \u00e9s una opci\u00f3 que acompanya i combina amb la naturalesa.<\/p><p>Incidim amb els sons que proposa l&#8217;artista Emili Pujol, Montse Castell\u00e0, i altres cantautors. Fa mesos que deixem sonar la seva m\u00fasica en la plantaci\u00f3 d&#8217;oliveres i veiem que els resultats s\u00f3n ben visibles. &#8220;La m\u00fasica i les plantes, en aquest cas les oliveres, \u00e9s un binomi especial&#8221;.<\/p><p>Tot aix\u00f2 es dona a Torrebesses en una finca que era propietat del m\u00fasic Emili Pujol, un virtu\u00f3s de la guitarra cl\u00e0ssica i amb molt de reconeixement en l&#8217;\u00e0mbit nacional i internacional. Emili Pujol va deixar la finca en her\u00e8ncia en la Fundaci\u00f3 Aspros que at\u00e9n persones amb discapacitat.<\/p>\t\t\t\t\t\t\t\t<\/div>\n\t\t\t\t<\/div>\n\t\t\t\t<\/div>\n\t\t<div class=\"elementor-element elementor-element-1a6697c e-con-full e-flex elementor-invisible e-con e-child\" data-id=\"1a6697c\" data-element_type=\"container\" data-settings=\"{&quot;background_background&quot;:&quot;classic&quot;,&quot;animation&quot;:&quot;fadeInRight&quot;}\">\n\t\t\t\t<div class=\"elementor-element elementor-element-bb83fd8 elementor-arrows-position-inside elementor-widget elementor-widget-image-carousel\" data-id=\"bb83fd8\" data-element_type=\"widget\" data-settings=\"{&quot;slides_to_show&quot;:&quot;1&quot;,&quot;navigation&quot;:&quot;arrows&quot;,&quot;autoplay&quot;:&quot;yes&quot;,&quot;pause_on_hover&quot;:&quot;yes&quot;,&quot;pause_on_interaction&quot;:&quot;yes&quot;,&quot;autoplay_speed&quot;:5000,&quot;infinite&quot;:&quot;yes&quot;,&quot;effect&quot;:&quot;slide&quot;,&quot;speed&quot;:500}\" data-widget_type=\"image-carousel.default\">\n\t\t\t\t<div class=\"elementor-widget-container\">\n\t\t\t\t\t\t\t<div class=\"elementor-image-carousel-wrapper swiper\" role=\"region\" aria-roledescription=\"carousel\" aria-label=\"Carrusel de im\u00e1genes\" dir=\"ltr\">\n\t\t\t<div class=\"elementor-image-carousel swiper-wrapper\" aria-live=\"off\">\n\t\t\t\t\t\t\t\t<div class=\"swiper-slide\" role=\"group\" aria-roledescription=\"slide\" aria-label=\"1 de 6\"><a data-elementor-open-lightbox=\"yes\" data-elementor-lightbox-slideshow=\"bb83fd8\" data-elementor-lightbox-title=\"music-oil-p-3\" data-e-action-hash=\"#elementor-action%3Aaction%3Dlightbox%26settings%3DeyJpZCI6MTMyNiwidXJsIjoiaHR0cHM6XC9cL29ydGJlbGwuY29tXC93cC1jb250ZW50XC91cGxvYWRzXC8yMDI1XC8wMlwvbXVzaWMtb2lsLXAtMy5qcGciLCJzbGlkZXNob3ciOiJiYjgzZmQ4In0%3D\" href=\"https:\/\/ortbell.com\/wp-content\/uploads\/2025\/02\/music-oil-p-3.jpg\"><figure class=\"swiper-slide-inner\"><img decoding=\"async\" class=\"swiper-slide-image\" src=\"https:\/\/ortbell.com\/wp-content\/uploads\/2025\/02\/music-oil-p-3.jpg\" alt=\"music-oil-p-3\" \/><\/figure><\/a><\/div><div class=\"swiper-slide\" role=\"group\" aria-roledescription=\"slide\" aria-label=\"2 de 6\"><a data-elementor-open-lightbox=\"yes\" data-elementor-lightbox-slideshow=\"bb83fd8\" data-elementor-lightbox-title=\"music-oil-producte (11)\" data-e-action-hash=\"#elementor-action%3Aaction%3Dlightbox%26settings%3DeyJpZCI6MTMyMSwidXJsIjoiaHR0cHM6XC9cL29ydGJlbGwuY29tXC93cC1jb250ZW50XC91cGxvYWRzXC8yMDI0XC8xMVwvbXVzaWMtb2lsLXByb2R1Y3RlLTExLmpwZyIsInNsaWRlc2hvdyI6ImJiODNmZDgifQ%3D%3D\" href=\"https:\/\/ortbell.com\/wp-content\/uploads\/2024\/11\/music-oil-producte-11.jpg\"><figure class=\"swiper-slide-inner\"><img decoding=\"async\" class=\"swiper-slide-image\" src=\"https:\/\/ortbell.com\/wp-content\/uploads\/2024\/11\/music-oil-producte-11.jpg\" alt=\"music-oil-producte (11)\" \/><\/figure><\/a><\/div><div class=\"swiper-slide\" role=\"group\" aria-roledescription=\"slide\" aria-label=\"3 de 6\"><a data-elementor-open-lightbox=\"yes\" data-elementor-lightbox-slideshow=\"bb83fd8\" data-elementor-lightbox-title=\"music-oil-producte (9)\" data-e-action-hash=\"#elementor-action%3Aaction%3Dlightbox%26settings%3DeyJpZCI6MTMxNywidXJsIjoiaHR0cHM6XC9cL29ydGJlbGwuY29tXC93cC1jb250ZW50XC91cGxvYWRzXC8yMDI0XC8xMVwvbXVzaWMtb2lsLXByb2R1Y3RlLTkuanBnIiwic2xpZGVzaG93IjoiYmI4M2ZkOCJ9\" href=\"https:\/\/ortbell.com\/wp-content\/uploads\/2024\/11\/music-oil-producte-9.jpg\"><figure class=\"swiper-slide-inner\"><img decoding=\"async\" class=\"swiper-slide-image\" src=\"https:\/\/ortbell.com\/wp-content\/uploads\/2024\/11\/music-oil-producte-9.jpg\" alt=\"music-oil-producte (9)\" \/><\/figure><\/a><\/div><div class=\"swiper-slide\" role=\"group\" aria-roledescription=\"slide\" aria-label=\"4 de 6\"><a data-elementor-open-lightbox=\"yes\" data-elementor-lightbox-slideshow=\"bb83fd8\" data-elementor-lightbox-title=\"music-oil-producte (6)\" data-e-action-hash=\"#elementor-action%3Aaction%3Dlightbox%26settings%3DeyJpZCI6MTMxMSwidXJsIjoiaHR0cHM6XC9cL29ydGJlbGwuY29tXC93cC1jb250ZW50XC91cGxvYWRzXC8yMDI0XC8xMVwvbXVzaWMtb2lsLXByb2R1Y3RlLTYuanBnIiwic2xpZGVzaG93IjoiYmI4M2ZkOCJ9\" href=\"https:\/\/ortbell.com\/wp-content\/uploads\/2024\/11\/music-oil-producte-6.jpg\"><figure class=\"swiper-slide-inner\"><img decoding=\"async\" class=\"swiper-slide-image\" src=\"https:\/\/ortbell.com\/wp-content\/uploads\/2024\/11\/music-oil-producte-6.jpg\" alt=\"music-oil-producte (6)\" \/><\/figure><\/a><\/div><div class=\"swiper-slide\" role=\"group\" aria-roledescription=\"slide\" aria-label=\"5 de 6\"><a data-elementor-open-lightbox=\"yes\" data-elementor-lightbox-slideshow=\"bb83fd8\" data-elementor-lightbox-title=\"music-oil-producte (5)\" data-e-action-hash=\"#elementor-action%3Aaction%3Dlightbox%26settings%3DeyJpZCI6MTMwOSwidXJsIjoiaHR0cHM6XC9cL29ydGJlbGwuY29tXC93cC1jb250ZW50XC91cGxvYWRzXC8yMDI0XC8xMVwvbXVzaWMtb2lsLXByb2R1Y3RlLTUuanBnIiwic2xpZGVzaG93IjoiYmI4M2ZkOCJ9\" href=\"https:\/\/ortbell.com\/wp-content\/uploads\/2024\/11\/music-oil-producte-5.jpg\"><figure class=\"swiper-slide-inner\"><img decoding=\"async\" class=\"swiper-slide-image\" src=\"https:\/\/ortbell.com\/wp-content\/uploads\/2024\/11\/music-oil-producte-5.jpg\" alt=\"music-oil-producte (5)\" \/><\/figure><\/a><\/div><div class=\"swiper-slide\" role=\"group\" aria-roledescription=\"slide\" aria-label=\"6 de 6\"><a data-elementor-open-lightbox=\"yes\" data-elementor-lightbox-slideshow=\"bb83fd8\" data-elementor-lightbox-title=\"music-oil-producte (1)\" data-e-action-hash=\"#elementor-action%3Aaction%3Dlightbox%26settings%3DeyJpZCI6MTMwMSwidXJsIjoiaHR0cHM6XC9cL29ydGJlbGwuY29tXC93cC1jb250ZW50XC91cGxvYWRzXC8yMDI0XC8xMVwvbXVzaWMtb2lsLXByb2R1Y3RlLTEtMS5qcGciLCJzbGlkZXNob3ciOiJiYjgzZmQ4In0%3D\" href=\"https:\/\/ortbell.com\/wp-content\/uploads\/2024\/11\/music-oil-producte-1-1.jpg\"><figure class=\"swiper-slide-inner\"><img decoding=\"async\" class=\"swiper-slide-image\" src=\"https:\/\/ortbell.com\/wp-content\/uploads\/2024\/11\/music-oil-producte-1-1.jpg\" alt=\"music-oil-producte (1)\" \/><\/figure><\/a><\/div>\t\t\t<\/div>\n\t\t\t\t\t\t\t\t\t\t\t\t<div class=\"elementor-swiper-button elementor-swiper-button-prev\" role=\"button\" tabindex=\"0\">\n\t\t\t\t\t\t<svg aria-hidden=\"true\" class=\"e-font-icon-svg e-eicon-chevron-left\" viewBox=\"0 0 1000 1000\" xmlns=\"http:\/\/www.w3.org\/2000\/svg\"><path d=\"M646 125C629 125 613 133 604 142L308 442C296 454 292 471 292 487 292 504 296 521 308 533L604 854C617 867 629 875 646 875 663 875 679 871 692 858 704 846 713 829 713 812 713 796 708 779 692 767L438 487 692 225C700 217 708 204 708 187 708 171 704 154 692 142 675 129 663 125 646 125Z\"><\/path><\/svg>\t\t\t\t\t<\/div>\n\t\t\t\t\t<div class=\"elementor-swiper-button elementor-swiper-button-next\" role=\"button\" tabindex=\"0\">\n\t\t\t\t\t\t<svg aria-hidden=\"true\" class=\"e-font-icon-svg e-eicon-chevron-right\" viewBox=\"0 0 1000 1000\" xmlns=\"http:\/\/www.w3.org\/2000\/svg\"><path d=\"M696 533C708 521 713 504 713 487 713 471 708 454 696 446L400 146C388 133 375 125 354 125 338 125 325 129 313 142 300 154 292 171 292 187 292 204 296 221 308 233L563 492 304 771C292 783 288 800 288 817 288 833 296 850 308 863 321 871 338 875 354 875 371 875 388 867 400 854L696 533Z\"><\/path><\/svg>\t\t\t\t\t<\/div>\n\t\t\t\t\n\t\t\t\t\t\t\t\t\t<\/div>\n\t\t\t\t\t\t<\/div>\n\t\t\t\t<\/div>\n\t\t\t\t<\/div>\n\t\t\t\t\t<\/div>\n\t\t\t\t<\/div>\n\t\t<div class=\"elementor-element elementor-element-992edf1 e-flex e-con-boxed e-con e-parent\" data-id=\"992edf1\" data-element_type=\"container\">\n\t\t\t\t\t<div class=\"e-con-inner\">\n\t\t<div class=\"elementor-element elementor-element-cf1cba6 e-con-full e-flex e-con e-child\" data-id=\"cf1cba6\" data-element_type=\"container\">\n\t\t\t\t<div class=\"elementor-element elementor-element-729206f elementor-widget elementor-widget-text-editor\" data-id=\"729206f\" data-element_type=\"widget\" data-widget_type=\"text-editor.default\">\n\t\t\t\t<div class=\"elementor-widget-container\">\n\t\t\t\t\t\t\t\t\t<p>Vols m\u00e9s informaci\u00f3 sobre el projecte? Aqu\u00ed et deixem alguns reportatges, dona un cop d&#8217;ull.<\/p>\t\t\t\t\t\t\t\t<\/div>\n\t\t\t\t<\/div>\n\t\t\t\t<div class=\"elementor-element elementor-element-8fff2a4 elementor-widget elementor-widget-video\" data-id=\"8fff2a4\" data-element_type=\"widget\" data-settings=\"{&quot;video_type&quot;:&quot;hosted&quot;,&quot;controls&quot;:&quot;yes&quot;}\" data-widget_type=\"video.default\">\n\t\t\t\t<div class=\"elementor-widget-container\">\n\t\t\t\t\t\t\t<div class=\"e-hosted-video elementor-wrapper elementor-open-inline\">\n\t\t\t\t\t<video class=\"elementor-video\" src=\"https:\/\/ortbell.com\/wp-content\/uploads\/2024\/11\/MONTSE-CASTELLA-Oliveres-que-creixen-escoltant-la-seua-m-usica.mp4\" controls=\"\" preload=\"metadata\" controlsList=\"nodownload\"><\/video>\n\t\t\t\t<\/div>\n\t\t\t\t\t\t<\/div>\n\t\t\t\t<\/div>\n\t\t\t\t<\/div>\n\t\t<div class=\"elementor-element elementor-element-0342bb4 e-con-full e-flex e-con e-child\" data-id=\"0342bb4\" data-element_type=\"container\">\n\t\t\t\t<div class=\"elementor-element elementor-element-ff2266f elementor-align-right elementor-mobile-align-center elementor-widget elementor-widget-button\" data-id=\"ff2266f\" data-element_type=\"widget\" data-widget_type=\"button.default\">\n\t\t\t\t<div class=\"elementor-widget-container\">\n\t\t\t\t\t\t\t\t\t<div class=\"elementor-button-wrapper\">\n\t\t\t\t\t<a class=\"elementor-button elementor-button-link elementor-size-sm\" href=\"https:\/\/ortbell.com\/ca\/botiga\/\">\n\t\t\t\t\t\t<span class=\"elementor-button-content-wrapper\">\n\t\t\t\t\t\t\t\t\t<span class=\"elementor-button-text\">Comprar<\/span>\n\t\t\t\t\t<\/span>\n\t\t\t\t\t<\/a>\n\t\t\t\t<\/div>\n\t\t\t\t\t\t\t\t<\/div>\n\t\t\t\t<\/div>\n\t\t\t\t<div class=\"elementor-element elementor-element-59875d5 elementor-widget elementor-widget-video\" data-id=\"59875d5\" data-element_type=\"widget\" data-settings=\"{&quot;video_type&quot;:&quot;hosted&quot;,&quot;controls&quot;:&quot;yes&quot;}\" data-widget_type=\"video.default\">\n\t\t\t\t<div class=\"elementor-widget-container\">\n\t\t\t\t\t\t\t<div class=\"e-hosted-video elementor-wrapper elementor-open-inline\">\n\t\t\t\t\t<video class=\"elementor-video\" src=\"https:\/\/ortbell.com\/wp-content\/uploads\/2024\/11\/WhatsApp-Video-2024-11-14-at-17.53.25.mp4\" controls=\"\" preload=\"metadata\" controlsList=\"nodownload\"><\/video>\n\t\t\t\t<\/div>\n\t\t\t\t\t\t<\/div>\n\t\t\t\t<\/div>\n\t\t\t\t<\/div>\n\t\t\t\t\t<\/div>\n\t\t\t\t<\/div>\n\t\t\t\t<\/div>\n\t\t","protected":false},"excerpt":{"rendered":"<p>Oliveres criades amb m\u00fasica, un oli amb \u00e0nima. Oli verd verge extra de primera premsada i 100% ecol\u00f2gic. Comprar Josep Anton Ortiz, fundador i actual gerent de la fam\u00edlia Ortbell, decideix apostar pel cultiu d&#8217;oliveres amb m\u00fasica. Volem oferir un oli diferent. \u201d La idea \u00e9s acabar fent un producte solidari, ecol\u00f2gic i que tingui [&hellip;]<\/p>\n","protected":false},"author":2,"featured_media":0,"parent":0,"menu_order":0,"comment_status":"closed","ping_status":"closed","template":"elementor_header_footer","meta":{"footnotes":""},"class_list":["post-488","page","type-page","status-publish","hentry"],"yoast_head":"<!-- This site is optimized with the Yoast SEO plugin v26.5 - https:\/\/yoast.com\/wordpress\/plugins\/seo\/ -->\n<title>MUSIC OIL - Ortbell CMS<\/title>\n<meta name=\"description\" content=\"Musicoil, oli ecol\u00f2gic criat amb m\u00fasica\" \/>\n<meta name=\"robots\" content=\"index, follow, max-snippet:-1, max-image-preview:large, max-video-preview:-1\" \/>\n<link rel=\"canonical\" href=\"https:\/\/ortbell.com\/music-oil\/\" \/>\n<meta property=\"og:locale\" content=\"ca_ES\" \/>\n<meta property=\"og:type\" content=\"article\" \/>\n<meta property=\"og:title\" content=\"MUSIC OIL - Ortbell CMS\" \/>\n<meta property=\"og:description\" content=\"Musicoil, oli ecol\u00f2gic criat amb m\u00fasica\" \/>\n<meta property=\"og:url\" content=\"https:\/\/ortbell.com\/music-oil\/\" \/>\n<meta property=\"og:site_name\" content=\"Ortbell CMS\" \/>\n<meta property=\"article:modified_time\" content=\"2025-11-11T12:25:56+00:00\" \/>\n<meta property=\"og:image\" content=\"https:\/\/ortbell.com\/wp-content\/uploads\/2025\/02\/music-oil-p-3.jpg\" \/>\n<meta name=\"twitter:card\" content=\"summary_large_image\" \/>\n<meta name=\"twitter:label1\" content=\"Temps estimat de lectura\" \/>\n\t<meta name=\"twitter:data1\" content=\"3 minuts\" \/>\n<script type=\"application\/ld+json\" class=\"yoast-schema-graph\">{\"@context\":\"https:\/\/schema.org\",\"@graph\":[{\"@type\":\"WebPage\",\"@id\":\"https:\/\/ortbell.com\/music-oil\/\",\"url\":\"https:\/\/ortbell.com\/music-oil\/\",\"name\":\"MUSIC OIL - Ortbell CMS\",\"isPartOf\":{\"@id\":\"https:\/\/ortbell.com\/#website\"},\"primaryImageOfPage\":{\"@id\":\"https:\/\/ortbell.com\/music-oil\/#primaryimage\"},\"image\":{\"@id\":\"https:\/\/ortbell.com\/music-oil\/#primaryimage\"},\"thumbnailUrl\":\"https:\/\/ortbell.com\/wp-content\/uploads\/2025\/02\/music-oil-p-3.jpg\",\"datePublished\":\"2025-01-27T15:40:27+00:00\",\"dateModified\":\"2025-11-11T12:25:56+00:00\",\"description\":\"Musicoil, oli ecol\u00f2gic criat amb m\u00fasica\",\"breadcrumb\":{\"@id\":\"https:\/\/ortbell.com\/music-oil\/#breadcrumb\"},\"inLanguage\":\"ca\",\"potentialAction\":[{\"@type\":\"ReadAction\",\"target\":[\"https:\/\/ortbell.com\/music-oil\/\"]}]},{\"@type\":\"ImageObject\",\"inLanguage\":\"ca\",\"@id\":\"https:\/\/ortbell.com\/music-oil\/#primaryimage\",\"url\":\"https:\/\/ortbell.com\/wp-content\/uploads\/2025\/02\/music-oil-p-3.jpg\",\"contentUrl\":\"https:\/\/ortbell.com\/wp-content\/uploads\/2025\/02\/music-oil-p-3.jpg\"},{\"@type\":\"BreadcrumbList\",\"@id\":\"https:\/\/ortbell.com\/music-oil\/#breadcrumb\",\"itemListElement\":[{\"@type\":\"ListItem\",\"position\":1,\"name\":\"Portada\",\"item\":\"https:\/\/ortbell.com\/\"},{\"@type\":\"ListItem\",\"position\":2,\"name\":\"MUSIC OIL\"}]},{\"@type\":\"WebSite\",\"@id\":\"https:\/\/ortbell.com\/#website\",\"url\":\"https:\/\/ortbell.com\/\",\"name\":\"Ortbell CMS\",\"description\":\"Just another WordPress site\",\"potentialAction\":[{\"@type\":\"SearchAction\",\"target\":{\"@type\":\"EntryPoint\",\"urlTemplate\":\"https:\/\/ortbell.com\/?s={search_term_string}\"},\"query-input\":{\"@type\":\"PropertyValueSpecification\",\"valueRequired\":true,\"valueName\":\"search_term_string\"}}],\"inLanguage\":\"ca\"}]}<\/script>\n<!-- \/ Yoast SEO plugin. -->","yoast_head_json":{"title":"MUSIC OIL - Ortbell CMS","description":"Musicoil, oli ecol\u00f2gic criat amb m\u00fasica","robots":{"index":"index","follow":"follow","max-snippet":"max-snippet:-1","max-image-preview":"max-image-preview:large","max-video-preview":"max-video-preview:-1"},"canonical":"https:\/\/ortbell.com\/music-oil\/","og_locale":"ca_ES","og_type":"article","og_title":"MUSIC OIL - Ortbell CMS","og_description":"Musicoil, oli ecol\u00f2gic criat amb m\u00fasica","og_url":"https:\/\/ortbell.com\/music-oil\/","og_site_name":"Ortbell CMS","article_modified_time":"2025-11-11T12:25:56+00:00","og_image":[{"url":"https:\/\/ortbell.com\/wp-content\/uploads\/2025\/02\/music-oil-p-3.jpg","type":"","width":"","height":""}],"twitter_card":"summary_large_image","twitter_misc":{"Temps estimat de lectura":"3 minuts"},"schema":{"@context":"https:\/\/schema.org","@graph":[{"@type":"WebPage","@id":"https:\/\/ortbell.com\/music-oil\/","url":"https:\/\/ortbell.com\/music-oil\/","name":"MUSIC OIL - Ortbell CMS","isPartOf":{"@id":"https:\/\/ortbell.com\/#website"},"primaryImageOfPage":{"@id":"https:\/\/ortbell.com\/music-oil\/#primaryimage"},"image":{"@id":"https:\/\/ortbell.com\/music-oil\/#primaryimage"},"thumbnailUrl":"https:\/\/ortbell.com\/wp-content\/uploads\/2025\/02\/music-oil-p-3.jpg","datePublished":"2025-01-27T15:40:27+00:00","dateModified":"2025-11-11T12:25:56+00:00","description":"Musicoil, oli ecol\u00f2gic criat amb m\u00fasica","breadcrumb":{"@id":"https:\/\/ortbell.com\/music-oil\/#breadcrumb"},"inLanguage":"ca","potentialAction":[{"@type":"ReadAction","target":["https:\/\/ortbell.com\/music-oil\/"]}]},{"@type":"ImageObject","inLanguage":"ca","@id":"https:\/\/ortbell.com\/music-oil\/#primaryimage","url":"https:\/\/ortbell.com\/wp-content\/uploads\/2025\/02\/music-oil-p-3.jpg","contentUrl":"https:\/\/ortbell.com\/wp-content\/uploads\/2025\/02\/music-oil-p-3.jpg"},{"@type":"BreadcrumbList","@id":"https:\/\/ortbell.com\/music-oil\/#breadcrumb","itemListElement":[{"@type":"ListItem","position":1,"name":"Portada","item":"https:\/\/ortbell.com\/"},{"@type":"ListItem","position":2,"name":"MUSIC OIL"}]},{"@type":"WebSite","@id":"https:\/\/ortbell.com\/#website","url":"https:\/\/ortbell.com\/","name":"Ortbell CMS","description":"Just another WordPress site","potentialAction":[{"@type":"SearchAction","target":{"@type":"EntryPoint","urlTemplate":"https:\/\/ortbell.com\/?s={search_term_string}"},"query-input":{"@type":"PropertyValueSpecification","valueRequired":true,"valueName":"search_term_string"}}],"inLanguage":"ca"}]}},"_links":{"self":[{"href":"https:\/\/ortbell.com\/ca\/wp-json\/wp\/v2\/pages\/488","targetHints":{"allow":["GET"]}}],"collection":[{"href":"https:\/\/ortbell.com\/ca\/wp-json\/wp\/v2\/pages"}],"about":[{"href":"https:\/\/ortbell.com\/ca\/wp-json\/wp\/v2\/types\/page"}],"author":[{"embeddable":true,"href":"https:\/\/ortbell.com\/ca\/wp-json\/wp\/v2\/users\/2"}],"replies":[{"embeddable":true,"href":"https:\/\/ortbell.com\/ca\/wp-json\/wp\/v2\/comments?post=488"}],"version-history":[{"count":72,"href":"https:\/\/ortbell.com\/ca\/wp-json\/wp\/v2\/pages\/488\/revisions"}],"predecessor-version":[{"id":1884,"href":"https:\/\/ortbell.com\/ca\/wp-json\/wp\/v2\/pages\/488\/revisions\/1884"}],"wp:attachment":[{"href":"https:\/\/ortbell.com\/ca\/wp-json\/wp\/v2\/media?parent=488"}],"curies":[{"name":"wp","href":"https:\/\/api.w.org\/{rel}","templated":true}]}}