{"id":91,"date":"2024-11-14T10:01:15","date_gmt":"2024-11-14T09:01:15","guid":{"rendered":"https:\/\/ortbell.com\/?page_id=91"},"modified":"2024-11-14T12:56:01","modified_gmt":"2024-11-14T11:56:01","slug":"avis-legal","status":"publish","type":"page","link":"https:\/\/ortbell.com\/ca\/avis-legal\/","title":{"rendered":"Av\u00eds legal"},"content":{"rendered":"\t\t<div data-elementor-type=\"wp-page\" data-elementor-id=\"91\" class=\"elementor elementor-91\" data-elementor-post-type=\"page\">\n\t\t\t\t<div class=\"elementor-element elementor-element-0fddc68 e-flex e-con-boxed e-con e-parent\" data-id=\"0fddc68\" data-element_type=\"container\">\n\t\t\t\t\t<div class=\"e-con-inner\">\n\t\t\t\t<div class=\"elementor-element elementor-element-ee5f9f3 elementor-widget elementor-widget-heading\" data-id=\"ee5f9f3\" data-element_type=\"widget\" data-widget_type=\"heading.default\">\n\t\t\t\t<div class=\"elementor-widget-container\">\n\t\t\t\t\t<h1 class=\"elementor-heading-title elementor-size-default\">Av\u00eds legal<\/h1>\t\t\t\t<\/div>\n\t\t\t\t<\/div>\n\t\t\t\t<div class=\"elementor-element elementor-element-cd75cc8 elementor-widget elementor-widget-text-editor\" data-id=\"cd75cc8\" data-element_type=\"widget\" data-widget_type=\"text-editor.default\">\n\t\t\t\t<div class=\"elementor-widget-container\">\n\t\t\t\t\t\t\t\t\t<p><span style=\"font-weight: 400;\">Amb la fi de donar compliment a l\u2019article 10 de la Ley 34\/2002 de Servicios de la Sociedad de la Informaci\u00f3n y del Comercio Electr\u00f3nico, informem als usuaris de les nostre dades:<\/span><\/p><p><span style=\"font-weight: 400;\">Denominaci\u00f3 Social: SAT Ort Bell <\/span><\/p><p><span style=\"font-weight: 400;\">Domicili Social: c\/ Nou, 8 25110 Alpicat (Lleida)<\/span><\/p><p><span style=\"font-weight: 400;\">CIF: F25539842<\/span><\/p><p><span style=\"font-weight: 400;\">Tel\u00e8fon: 973 19 09 85<\/span><\/p><p><span style=\"font-weight: 400;\">E-Mail: comercial@ortbell.com<\/span><\/p><p><span style=\"font-weight: 400;\">Lloc Web: https:\/\/ortbell.com\/<\/span><\/p><p><span style=\"font-weight: 400;\">\u00a0<\/span><\/p><p><span style=\"font-weight: 400;\">1.- OBJECTE<\/span><\/p><p><span style=\"font-weight: 400;\">SAT Ort Bell (des d\u2019ara tamb\u00e9 el prestador) com responsable del lloc web, posa a disposici\u00f3 dels usuaris el present document, que regula l\u2019\u00fas de la p\u00e0gina web https:\/\/ortbell.com\/, amb el qual pretenem donar compliment a les obligacions que disposa la Llei 34 \/ 2002, de Serveis de la Societat de la Informaci\u00f3 i de Comer\u00e7 Electr\u00f2nic (LSSICE o LSSI), aix\u00ed com informar a tots els usuaris del lloc web respecte de quines s\u00f3n les condicions d\u2019\u00fas del lloc web.<\/span><\/p><p><span style=\"font-weight: 400;\">A trav\u00e9s del web, SAT Ort Bell facilita als usuaris l\u2019acc\u00e9s i utilitzaci\u00f3 de diferents serveis i continguts posats a disposici\u00f3 a trav\u00e9s del web.<\/span><\/p><p><span style=\"font-weight: 400;\">Tota persona que accedeixi a aquest web assumeix el paper d\u2019usuari (en endavant l\u2019usuari), i implica l\u2019acceptaci\u00f3 total i sense reserves de totes i cadascuna de les disposicions incloses en aquest av\u00eds legal, aix\u00ed com a qualsevol altres disposicions legals que fossin d\u2019aplicaci\u00f3.<\/span><\/p><p><span style=\"font-weight: 400;\">Com a usuaris, han de llegir atentament aquest Av\u00eds Legal en qualsevol de les ocasions que entrin al web, ja que aquesta pot patir modificacions ja que el prestador es reserva el dret a modificar qualsevol tipus d\u2019informaci\u00f3 que pogu\u00e9s apar\u00e8ixer a la web, sense que hi hagi l\u2019obligaci\u00f3 d\u2019avisar o posar en coneixement dels usuaris aquestes obligacions, sent suficients la publicaci\u00f3 al lloc web del prestador.<\/span><\/p><p><span style=\"font-weight: 400;\">\u00a0<\/span><\/p><p><span style=\"font-weight: 400;\">2.- CONDICIONS D\u2019ACC\u00c9S I \u00daS DEL WEB.<\/span><\/p><p><span style=\"font-weight: 400;\">2.1. Car\u00e0cter gratu\u00eft de l\u2019acc\u00e9s i \u00fas del web.<\/span><\/p><p><span style=\"font-weight: 400;\">La prestaci\u00f3 dels serveis per part de SAT Ort Bell t\u00e9 car\u00e0cter gratu\u00eft per a tots els usuaris. No obstant aix\u00f2, alguns dels serveis subministrats pel prestador a trav\u00e9s del web estan subjectes a el pagament d\u2019un preu determinat a les condicions generals de contractaci\u00f3.<\/span><\/p><p><span style=\"font-weight: 400;\">2.2. Registre de l\u2019 Usuari.<\/span><\/p><p><span style=\"font-weight: 400;\">Amb car\u00e0cter general la prestaci\u00f3 dels Serveis no exigeix la pr\u00e8via subscripci\u00f3 o registre dels Usuaris. Tot i aix\u00ed, SAT Ort Bell condiciona l\u2019\u00fas d\u2019alguns dels serveis a la pr\u00e8via complementaci\u00f3 del corresponent registre d\u2019Usuari. Aquest registre s\u2019efectuar\u00e0 en la forma expressament indicada en la pr\u00f2pia secci\u00f3 de el servei.<\/span><\/p><p><span style=\"font-weight: 400;\">2.3. Veracitat\u00a0 de la informaci\u00f3.<\/span><\/p><p><span style=\"font-weight: 400;\">Tota la informaci\u00f3 que facilita l\u2019Usuari ha de ser vera\u00e7. A aquests efectes, l\u2019Usuari garanteix l\u2019autenticitat de les dades comunicades a trav\u00e9s dels formularis per a la subscripci\u00f3 dels Serveis. Ser\u00e0 responsabilitat de l\u2019Usuari mantenir tota la informaci\u00f3 facilitada a SAT Ort Bell permanentment actualitzada de manera que respongui, en cada moment, a la seva situaci\u00f3 real. En tot cas, l\u2019Usuari ser\u00e0 l\u2019\u00fanic responsable de les manifestacions falses o inexactes que realitzi i dels perjudicis que causi a prestador o a tercers.<\/span><\/p><p><span style=\"font-weight: 400;\">2.4. Menors d\u2019edat.<\/span><\/p><p><span style=\"font-weight: 400;\">Per a l\u2019\u00fas dels serveis, els menors d\u2019edat han d\u2019obtenir sempre pr\u00e8viament el consentiment dels pares, tutors o representants legals, responsables \u00faltims de tots els actes realitzats pels menors al seu c\u00e0rrec. La responsabilitat en la determinaci\u00f3 de continguts concrets als quals accedeixen els menors correspon a aquells, \u00e9s per aix\u00f2 que si accedeixen a continguts no apropiats per Internet, s\u2019hauran d\u2019establir en els seus ordinadors mecanismes, en particular programes inform\u00e0tics, filtres i bloquejos, que permetin limitar els continguts disponibles i, tot i que no siguin infal\u00b7libles, s\u00f3n d\u2019especial utilitat per controlar i restringir els materials als quals poden accedir els menors.<\/span><\/p><p><span style=\"font-weight: 400;\">2.5. Obligaci\u00f3 de fer un \u00fas correcte de la web.<\/span><\/p><p><span style=\"font-weight: 400;\">L\u2019Usuari es compromet a utilitzar la web de conformitat amb la Llei i al present Av\u00eds Legal, aix\u00ed com a la moral i als bons costums. A aquest efecte, l\u2019Usuari s\u2019abstindr\u00e0 d\u2019utilitzar la p\u00e0gina amb finalitats il\u00b7l\u00edcites o prohibides, lesives de drets i interessos de tercers, o que de qualsevol forma puguin danyar, inutilitzar, sobrecarregar, deteriorar o impedir la normal utilitzaci\u00f3 d\u2019equips inform\u00e0tics o documents, arxius i tota classe de continguts emmagatzemats en qualsevol equip inform\u00e0tic del prestador.<\/span><\/p><p><span style=\"font-weight: 400;\">En particular, i a t\u00edtol indicatiu per\u00f2 no exhaustiu, l\u2019Usuari es compromet a no transmetre, difondre o posar a disposici\u00f3 de tercers informacions, dades, continguts, missatges, gr\u00e0fics, dibuixos, arxius de so o imatge, fotografies, enregistraments, programari i, en general, qualsevol classe de material que:<\/span><\/p><p><span style=\"font-weight: 400;\">(A) sigui contr\u00e0ria, menyspre\u00ef o atempti contra els drets fonamentals i les llibertats p\u00fabliques reconegudes constitucionalment, en tractats internacionals i altres normes vigents;<\/span><\/p><p><span style=\"font-weight: 400;\">(B) indueixi, inciti o promogui actuacions delictives, denigrants, difamat\u00f2ries, violentes o, en general, contr\u00e0ries a la llei, a la moral i als l\u2019ordre p\u00fablic;<\/span><\/p><p><span style=\"font-weight: 400;\">(C) indueixi, inciti o promogui actuacions, actituds o pensaments discriminatoris per ra\u00f3 de sexe, ra\u00e7a, religi\u00f3, creences, edat o condici\u00f3;<\/span><\/p><p><span style=\"font-weight: 400;\">(D) sigui contrari a el dret a l\u2019honor, a la intimitat personal o familiar oa la pr\u00f2pia imatge de les persones;<\/span><\/p><p><span style=\"font-weight: 400;\">(E) de qualsevol manera perjudiqui la credibilitat del prestador o de tercers; i<\/span><\/p><p><span style=\"font-weight: 400;\">(F) constitueixi publicitat il\u00b7l\u00edcita, enganyosa o deslleial.<\/span><\/p><p><span style=\"font-weight: 400;\">\u00a0<\/span><\/p><p><span style=\"font-weight: 400;\">3.- EXCLUSI\u00d3 DE GARANTIES I RESPONSABILITAT.<\/span><\/p><p><span style=\"font-weight: 400;\">El prestador s\u2019eximeix de qualsevol tipus de responsabilitat derivada de la informaci\u00f3 publicada al nostre lloc web, sempre que aquesta informaci\u00f3 hagi estat manipulada o introdu\u00efda per un tercer ali\u00e8.<\/span><\/p><p><span style=\"font-weight: 400;\">Aquest web ha estat revisada i provada perqu\u00e8 funcioni correctament. En principi, es pot garantir el correcte funcionament els 365 dies de l\u2019any, 24 hores a el dia. No obstant aix\u00f2, el prestador no descarta la possibilitat que existeixin determinats errors de programaci\u00f3, o que succeeixin causes de for\u00e7a major, cat\u00e0strofes naturals, vagues, o circumst\u00e0ncies semblants que facin impossible l\u2019acc\u00e9s a la p\u00e0gina web.<\/span><\/p><p><span style=\"font-weight: 400;\">SAT Ort Bell no atorga cap garantia ni es fa responsable, en cap cas, dels danys i perjudicis de qualsevol naturalesa que puguin sortir a col\u00b7laci\u00f3 de la manca de disponibilitat, manteniment i efectiu funcionament del web o dels seus serveis i continguts; de l\u2019exist\u00e8ncia de virus, programes maliciosos o lesius en els continguts; de l\u2019\u00fas il\u00b7l\u00edcit, negligent, fraudulent o contrari a aquest Av\u00eds Legal i condicions d\u2019\u00fas; o de la falta de licitud, qualitat, fiabilitat, utilitat i disponibilitat dels serveis prestats per tercers i posats a disposici\u00f3 dels usuaris al lloc web.<\/span><\/p><p><span style=\"font-weight: 400;\">El prestador no es fa responsable en cap concepte dels danys que puguin dimanar de l\u2019\u00fas il\u00b7legal o indegut de la present p\u00e0gina web.<\/span><\/p><p><span style=\"font-weight: 400;\">\u00a0<\/span><\/p><p><span style=\"font-weight: 400;\">4.- COOKIES<\/span><\/p><p><span style=\"font-weight: 400;\">El lloc web de prestador pot utilitzar cookies (petits arxius d\u2019informaci\u00f3 que el servidor envia a l\u2019ordinador de qui accedeix a la p\u00e0gina) per dur a terme determinades funcions que s\u00f3n considerades imprescindibles per al correcte funcionament i visualitzaci\u00f3 de el lloc. Les cookies utilitzades tenen, en tot cas, car\u00e0cter temporal, amb l\u2019\u00fanica finalitat de fer m\u00e9s efica\u00e7 la navegaci\u00f3, i desapareixen a l\u2019acabar la sessi\u00f3 de l\u2019usuari.<\/span><\/p><p><span style=\"font-weight: 400;\">En cap cas s\u2019utilitzaran les cookies per recollir informaci\u00f3 de car\u00e0cter personal.<\/span><\/p><p><span style=\"font-weight: 400;\">Per a m\u00e9s informaci\u00f3, veure la nostra Pol\u00edtica de Cookies.<\/span><\/p><p><span style=\"font-weight: 400;\">\u00a0<\/span><\/p><p><span style=\"font-weight: 400;\">5.- ENLLA\u00c7OS (LINKS)<\/span><\/p><p><span style=\"font-weight: 400;\">Des del lloc web \u00e9s possible que es redirigeixi a continguts de terceres webs. At\u00e8s que des del web no podem controlar sempre els continguts introdu\u00efts pels tercers, SAT Ort Bell no assumeix cap tipus de responsabilitat respecte a aquests continguts. En tot cas, el prestador manifesta que procedir\u00e0 a la retirada immediata de qualsevol contingut que pogu\u00e9s contravenir la legislaci\u00f3 nacional o internacional, la moral o l\u2019ordre p\u00fablic, procedint a la retirada immediata de la redirecci\u00f3 a aquestes webs, posant en coneixement de les autoritats competents el contingut en q\u00fcesti\u00f3.<\/span><\/p><p><span style=\"font-weight: 400;\">El prestador no es responsabilitza de la informaci\u00f3 i continguts emmagatzemats, a t\u00edtol enunciatiu per\u00f2 no limitant, en f\u00f2rums, xats, generadors de blogs, comentaris, xarxes socials o qualsevol altre mitj\u00e0 que permeti a tercers publicar continguts de forma independent a la p\u00e0gina web del prestador. No obstant aix\u00f2 i en compliment del que disposa l\u2019art. 11 i 16 de la LSSICE, el prestador es posa a disposici\u00f3 de tots els usuaris, autoritats i forces de seguretat, i col\u00b7laborant de forma activa en la retirada o, quan sigui necessari, el bloqueig de tots aquells continguts que puguin afectar o contravenir la legislaci\u00f3 nacional, o internacional, drets de tercers o la moral i l\u2019ordre p\u00fablic. En cas que l\u2019usuari consideri que pot existir algun contingut que pogu\u00e9s ser susceptible d\u2019aquesta classificaci\u00f3, es prega ho faci saber de forma immediata a l\u2019administrador del lloc web.<\/span><\/p><p><span style=\"font-weight: 400;\">\u00a0<\/span><\/p><p><span style=\"font-weight: 400;\">6.- PROTECCI\u00d3 DE DADES PERSONALS<\/span><\/p><p><span style=\"font-weight: 400;\">El prestador est\u00e0 profundament comprom\u00e8s amb el compliment de la normativa de protecci\u00f3 de dades personals i garanteix el compliment \u00edntegre de les obligacions disposades, aix\u00ed com la implementaci\u00f3 de les mesures de seguretat disposades a el Reglament Europeu de Protecci\u00f3 de dades i la normativa espanyola de protecci\u00f3 de dades.<\/span><\/p><p><span style=\"font-weight: 400;\">Per a m\u00e9s informaci\u00f3, veure la nostra Pol\u00edtica de Privacitat.<\/span><\/p><p><span style=\"font-weight: 400;\">\u00a0<\/span><\/p><p><span style=\"font-weight: 400;\">7.- XARXES SOCIALS<\/span><\/p><p><span style=\"font-weight: 400;\">L\u2019informem que SAT Ort Bell pot tenir pres\u00e8ncia en xarxes socials. El tractament de les dades que es dugui a terme de les persones que es facin seguidores a les xarxes socials (i \/ o realitzin qualsevol vincle o acci\u00f3 de connexi\u00f3 a trav\u00e9s de les xarxes socials) de les p\u00e0gines oficials de [NOM SOCIAL] es regir\u00e0 per aquest apartat, aix\u00ed com per aquelles condicions d\u2019\u00fas, pol\u00edtiques de privacitat i normatives d\u2019acc\u00e9s que pertanyin a la xarxa social que procedeixi en cada cas i acceptades pr\u00e8viament per l\u2019usuari.<\/span><\/p><p><span style=\"font-weight: 400;\">SAT Ort Bell tractar\u00e0 les seves dades amb les finalitats d\u2019administrar correctament la seva pres\u00e8ncia a la xarxa social, informant d\u2019activitats, productes o serveis de prestador, aix\u00ed com per a qualsevol altra finalitat que les normatives de les Xarxes Socials permetin.<\/span><\/p><p><span style=\"font-weight: 400;\">Queda prohibida la publicaci\u00f3 de continguts:<\/span><\/p><p><span style=\"font-weight: 400;\">Que siguin presumptament il\u00b7l\u00edcits per la normativa nacional, comunit\u00e0ria o internacional o que realitzin activitats presumptament il\u00b7l\u00edcites o contravinguin els principis de la bona fe.<\/span><\/p><p><span style=\"font-weight: 400;\">Que atemptin contra els drets fonamentals de les persones, faltin a la cortesia a la xarxa, molestin o puguin generar opinions negatives en els nostres usuaris o tercers i en general qualsevol siguin els continguts que SAT Ort Bell consideri inapropiats.<\/span><\/p><p><span style=\"font-weight: 400;\">I en general que contravinguin els principis de legalitat, honradesa, responsabilitat, protecci\u00f3 de la dignitat humana, protecci\u00f3 de menors, protecci\u00f3 de l\u2019ordre p\u00fablic, la protecci\u00f3 de la vida privada, la protecci\u00f3 del consumidor i els drets de propietat intel\u00b7lectual i industrial.<\/span><\/p><p><span style=\"font-weight: 400;\">Aix\u00ed mateix, SAT Ort Bell es reserva la potestat de retirar, sense previ av\u00eds de la p\u00e0gina web o de la xarxa social corporativa aquells continguts que es consideren inadequats.<\/span><\/p><p><span style=\"font-weight: 400;\">En tot cas, si V\u00e8. remet informaci\u00f3 personal a trav\u00e9s de la xarxa social, SAT Ort Bell quedar\u00e0 exempt de responsabilitat en relaci\u00f3 amb les mesures de seguretat aplicables a la present plataforma, i el usuari en cas de voler con\u00e8ixer-les, consultar les corresponents condicions particulars de la xarxa en q\u00fcesti\u00f3.<\/span><\/p><p><span style=\"font-weight: 400;\">\u00a0<\/span><\/p><p><span style=\"font-weight: 400;\">8.- PROPIETAT INTEL\u00b7LECTUAL I INDUSTRIAL<\/span><\/p><p><span style=\"font-weight: 400;\">El lloc web, incloent a t\u00edtol enunciatiu per\u00f2 no limitatiu la programaci\u00f3, edici\u00f3, compilaci\u00f3 i altres elements necessaris per al seu funcionament, els dissenys, logotips, textos, fotografies i \/ o gr\u00e0fics s\u00f3n propietat del prestador o, en cas que fos necessari, disposa de la llic\u00e8ncia o autoritzaci\u00f3 expressa per part dels autors. Tots els continguts del lloc web es troben degudament protegits per la normativa de propietat intel\u00b7lectual i industrial.<\/span><\/p><p><span style=\"font-weight: 400;\">Independentment de la finalitat per la qual fossin destinats, la reproducci\u00f3 total o parcial, \u00fas, distribuci\u00f3 i comunicaci\u00f3 p\u00fablica requereixen de l\u2019autoritzaci\u00f3 escrita pr\u00e8via per part del prestador. Qualsevol \u00fas no autoritzat pr\u00e8viament per part del prestador ser\u00e0 considerat un incompliment greu dels drets de propietat intel\u00b7lectual o industrial de l\u2019autor.<\/span><\/p><p><span style=\"font-weight: 400;\">Els dissenys, logotips, textos i \/ o gr\u00e0fics aliens al prestador i que puguin apar\u00e8ixer en el lloc web, pertanyen als seus respectius propietaris, sent ells mateixos responsables de qualsevol possible controv\u00e8rsia que pogu\u00e9s esdevenir respecte als mateixos. En tot cas, el prestador compta amb l\u2019autoritzaci\u00f3 expressa i pr\u00e8via per part dels mateixos.<\/span><\/p><p><span style=\"font-weight: 400;\">El prestador reconeix a favor dels seus titulars els corresponents drets de propietat industrial i intel\u00b7lectual, no implicant la menci\u00f3 o aparici\u00f3 en el lloc web, de l\u2019exist\u00e8ncia de drets o cap responsabilitat del prestador sobre els mateixos, com tampoc respatller, patrocini o recomanaci\u00f3 per part d\u2019ell mateix.<\/span><\/p><p><span style=\"font-weight: 400;\">Per realitzar qualsevol tipus d\u2019observaci\u00f3 respecte a possibles incompliments dels drets de propietat intel\u00b7lectual o industrial, aix\u00ed com sobre qualsevol dels continguts del lloc web, pot fer-ho mitjan\u00e7ant el correu electr\u00f2nic dalt ressenyat.<\/span><\/p><p><span style=\"font-weight: 400;\">\u00a0<\/span><\/p><p><span style=\"font-weight: 400;\">9.- LLEI APLICABLE I JURISDICCI\u00d3<\/span><\/p><p><span style=\"font-weight: 400;\">Per a la resoluci\u00f3 de les controv\u00e8rsies o q\u00fcestions relacionades amb la present p\u00e0gina web o de les activitats en aquesta desenvolupades, ser\u00e0 d\u2019aplicaci\u00f3 la legislaci\u00f3 espanyola, a la qual se sotmeten expressament les parts, sent competents per a la resoluci\u00f3 de tots els conflictes derivats o relacionats amb el seu \u00fas els Jutjats i Tribunals de Lleida.<\/span><\/p>\t\t\t\t\t\t\t\t<\/div>\n\t\t\t\t<\/div>\n\t\t\t\t\t<\/div>\n\t\t\t\t<\/div>\n\t\t\t\t<\/div>\n\t\t","protected":false},"excerpt":{"rendered":"<p>Amb la fi de donar compliment a l\u2019article 10 de la Ley 34\/2002 de Servicios de la Sociedad de la Informaci\u00f3n y del Comercio Electr\u00f3nico, informem als usuaris de les nostre dades: Denominaci\u00f3 Social: SAT Ort Bell Domicili Social: c\/ Nou, 8 25110 Alpicat (Lleida) CIF: F25539842 Tel\u00e8fon: 973 19 09 85 E-Mail: comercial@ortbell.com Lloc [&hellip;]<\/p>\n","protected":false},"author":2,"featured_media":0,"parent":0,"menu_order":0,"comment_status":"closed","ping_status":"closed","template":"elementor_header_footer","meta":{"footnotes":""},"class_list":["post-91","page","type-page","status-publish","hentry"],"yoast_head":"<!-- This site is optimized with the Yoast SEO plugin v26.5 - https:\/\/yoast.com\/wordpress\/plugins\/seo\/ -->\n<title>Av\u00eds legal - Ortbell CMS<\/title>\n<meta name=\"robots\" content=\"index, follow, max-snippet:-1, max-image-preview:large, max-video-preview:-1\" \/>\n<link rel=\"canonical\" href=\"https:\/\/ortbell.com\/ca\/avis-legal\/\" \/>\n<meta property=\"og:locale\" content=\"ca_ES\" \/>\n<meta property=\"og:type\" content=\"article\" \/>\n<meta property=\"og:title\" content=\"Av\u00eds legal - Ortbell CMS\" \/>\n<meta property=\"og:description\" content=\"Amb la fi de donar compliment a l\u2019article 10 de la Ley 34\/2002 de Servicios de la Sociedad de la Informaci\u00f3n y del Comercio Electr\u00f3nico, informem als usuaris de les nostre dades: Denominaci\u00f3 Social: SAT Ort Bell Domicili Social: c\/ Nou, 8 25110 Alpicat (Lleida) CIF: F25539842 Tel\u00e8fon: 973 19 09 85 E-Mail: comercial@ortbell.com Lloc [&hellip;]\" \/>\n<meta property=\"og:url\" content=\"https:\/\/ortbell.com\/ca\/avis-legal\/\" \/>\n<meta property=\"og:site_name\" content=\"Ortbell CMS\" \/>\n<meta property=\"article:modified_time\" content=\"2024-11-14T11:56:01+00:00\" \/>\n<meta name=\"twitter:card\" content=\"summary_large_image\" \/>\n<meta name=\"twitter:label1\" content=\"Temps estimat de lectura\" \/>\n\t<meta name=\"twitter:data1\" content=\"11 minuts\" \/>\n<script type=\"application\/ld+json\" class=\"yoast-schema-graph\">{\"@context\":\"https:\/\/schema.org\",\"@graph\":[{\"@type\":\"WebPage\",\"@id\":\"https:\/\/ortbell.com\/ca\/avis-legal\/\",\"url\":\"https:\/\/ortbell.com\/ca\/avis-legal\/\",\"name\":\"Av\u00eds legal - Ortbell CMS\",\"isPartOf\":{\"@id\":\"https:\/\/ortbell.com\/#website\"},\"datePublished\":\"2024-11-14T09:01:15+00:00\",\"dateModified\":\"2024-11-14T11:56:01+00:00\",\"breadcrumb\":{\"@id\":\"https:\/\/ortbell.com\/ca\/avis-legal\/#breadcrumb\"},\"inLanguage\":\"ca\",\"potentialAction\":[{\"@type\":\"ReadAction\",\"target\":[\"https:\/\/ortbell.com\/ca\/avis-legal\/\"]}]},{\"@type\":\"BreadcrumbList\",\"@id\":\"https:\/\/ortbell.com\/ca\/avis-legal\/#breadcrumb\",\"itemListElement\":[{\"@type\":\"ListItem\",\"position\":1,\"name\":\"Portada\",\"item\":\"https:\/\/ortbell.com\/\"},{\"@type\":\"ListItem\",\"position\":2,\"name\":\"Av\u00eds legal\"}]},{\"@type\":\"WebSite\",\"@id\":\"https:\/\/ortbell.com\/#website\",\"url\":\"https:\/\/ortbell.com\/\",\"name\":\"Ortbell CMS\",\"description\":\"Just another WordPress site\",\"potentialAction\":[{\"@type\":\"SearchAction\",\"target\":{\"@type\":\"EntryPoint\",\"urlTemplate\":\"https:\/\/ortbell.com\/?s={search_term_string}\"},\"query-input\":{\"@type\":\"PropertyValueSpecification\",\"valueRequired\":true,\"valueName\":\"search_term_string\"}}],\"inLanguage\":\"ca\"}]}<\/script>\n<!-- \/ Yoast SEO plugin. -->","yoast_head_json":{"title":"Av\u00eds legal - Ortbell CMS","robots":{"index":"index","follow":"follow","max-snippet":"max-snippet:-1","max-image-preview":"max-image-preview:large","max-video-preview":"max-video-preview:-1"},"canonical":"https:\/\/ortbell.com\/ca\/avis-legal\/","og_locale":"ca_ES","og_type":"article","og_title":"Av\u00eds legal - Ortbell CMS","og_description":"Amb la fi de donar compliment a l\u2019article 10 de la Ley 34\/2002 de Servicios de la Sociedad de la Informaci\u00f3n y del Comercio Electr\u00f3nico, informem als usuaris de les nostre dades: Denominaci\u00f3 Social: SAT Ort Bell Domicili Social: c\/ Nou, 8 25110 Alpicat (Lleida) CIF: F25539842 Tel\u00e8fon: 973 19 09 85 E-Mail: comercial@ortbell.com Lloc [&hellip;]","og_url":"https:\/\/ortbell.com\/ca\/avis-legal\/","og_site_name":"Ortbell CMS","article_modified_time":"2024-11-14T11:56:01+00:00","twitter_card":"summary_large_image","twitter_misc":{"Temps estimat de lectura":"11 minuts"},"schema":{"@context":"https:\/\/schema.org","@graph":[{"@type":"WebPage","@id":"https:\/\/ortbell.com\/ca\/avis-legal\/","url":"https:\/\/ortbell.com\/ca\/avis-legal\/","name":"Av\u00eds legal - Ortbell CMS","isPartOf":{"@id":"https:\/\/ortbell.com\/#website"},"datePublished":"2024-11-14T09:01:15+00:00","dateModified":"2024-11-14T11:56:01+00:00","breadcrumb":{"@id":"https:\/\/ortbell.com\/ca\/avis-legal\/#breadcrumb"},"inLanguage":"ca","potentialAction":[{"@type":"ReadAction","target":["https:\/\/ortbell.com\/ca\/avis-legal\/"]}]},{"@type":"BreadcrumbList","@id":"https:\/\/ortbell.com\/ca\/avis-legal\/#breadcrumb","itemListElement":[{"@type":"ListItem","position":1,"name":"Portada","item":"https:\/\/ortbell.com\/"},{"@type":"ListItem","position":2,"name":"Av\u00eds legal"}]},{"@type":"WebSite","@id":"https:\/\/ortbell.com\/#website","url":"https:\/\/ortbell.com\/","name":"Ortbell CMS","description":"Just another WordPress site","potentialAction":[{"@type":"SearchAction","target":{"@type":"EntryPoint","urlTemplate":"https:\/\/ortbell.com\/?s={search_term_string}"},"query-input":{"@type":"PropertyValueSpecification","valueRequired":true,"valueName":"search_term_string"}}],"inLanguage":"ca"}]}},"_links":{"self":[{"href":"https:\/\/ortbell.com\/ca\/wp-json\/wp\/v2\/pages\/91","targetHints":{"allow":["GET"]}}],"collection":[{"href":"https:\/\/ortbell.com\/ca\/wp-json\/wp\/v2\/pages"}],"about":[{"href":"https:\/\/ortbell.com\/ca\/wp-json\/wp\/v2\/types\/page"}],"author":[{"embeddable":true,"href":"https:\/\/ortbell.com\/ca\/wp-json\/wp\/v2\/users\/2"}],"replies":[{"embeddable":true,"href":"https:\/\/ortbell.com\/ca\/wp-json\/wp\/v2\/comments?post=91"}],"version-history":[{"count":11,"href":"https:\/\/ortbell.com\/ca\/wp-json\/wp\/v2\/pages\/91\/revisions"}],"predecessor-version":[{"id":1824,"href":"https:\/\/ortbell.com\/ca\/wp-json\/wp\/v2\/pages\/91\/revisions\/1824"}],"wp:attachment":[{"href":"https:\/\/ortbell.com\/ca\/wp-json\/wp\/v2\/media?parent=91"}],"curies":[{"name":"wp","href":"https:\/\/api.w.org\/{rel}","templated":true}]}}