{"id":18,"date":"2024-11-13T10:22:14","date_gmt":"2024-11-13T09:22:14","guid":{"rendered":"https:\/\/ortbell.com\/?post_type=product&#038;p=18"},"modified":"2025-02-25T09:40:05","modified_gmt":"2025-02-25T08:40:05","slug":"music-oil","status":"publish","type":"product","link":"https:\/\/ortbell.com\/ca\/producto\/music-oil\/","title":{"rendered":"Music Oil"},"content":{"rendered":"<p><strong><span class=\"OYPEnA font-feature-liga-off font-feature-clig-off font-feature-calt-off text-decoration-none text-strikethrough-none\">Un b\u00e0sic de la dieta mediterr\u00e0nia<\/span><\/strong><\/p>\n<p><span class=\"OYPEnA font-feature-liga-off font-feature-clig-off font-feature-calt-off text-decoration-none text-strikethrough-none\">L\u2019oli \u00e9s un b\u00e0sic indiscutible de la nostra gastronomia, per\u00f2 la gent encara no tenim una cultura de l\u2019oli prou acurada per apreciar les subtileses ni estem disposats a pagar segons quins preus, els quals serien necessaris per poder apostar per la qualitat i fer un oli envejable.<\/span><\/p>\n<p><span class=\"OYPEnA font-feature-liga-off font-feature-clig-off font-feature-calt-off text-decoration-none text-strikethrough-none\">Primera premsada 14 d\u2019octubre, 1.000 botelles de mig litre d\u2019oli verge extra ecol\u00f2gic, a 15 euros preu venda al p\u00fablic. Oli molt verd, collit en el punt millor per extreure aromes, sabors i tota l&#8217;excel\u00b7l\u00e8ncia del millor oli. Els rendiments s\u00f3n baixos per\u00f2 el resultat \u00e9s un producte de molta qualitat i ecol\u00f2gic.<\/span><\/p>\n<p><strong>Enviament:<\/strong><\/p>\n<p>Termini lliurament: Per a Catalunya 3 dies i per a la resta d&#8217;Espanya durant la setmana de la comanda.<\/p>\n<p>L&#8217;enviament es realitzar\u00e0 mitjan\u00e7ant l&#8217;empresa de transport disponible.<\/p>\n<p>Les despeses d&#8217;enviament van inclosos en el preu aix\u00ed com els impostos.<\/p>\n<p><strong>El preu inclou l&#8217;impost i el transport<\/strong><\/p>\n<h3><strong>Pack 3 ampolles: 48\u20ac<\/strong><br \/>\n<strong>Pack 6 ampolles: 98\u20ac<\/strong><\/h3>\n","protected":false},"excerpt":{"rendered":"<p>0,5 Litres<br \/>\nPremsat a l&#8217;octubre<\/p>\n","protected":false},"featured_media":1317,"comment_status":"open","ping_status":"closed","template":"","meta":[],"product_brand":[],"product_cat":[30],"product_tag":[],"class_list":{"0":"post-18","1":"product","2":"type-product","3":"status-publish","4":"has-post-thumbnail","6":"product_cat-sin-categorizar-2","8":"first","9":"instock","10":"taxable","11":"shipping-taxable","12":"purchasable","13":"product-type-variable"},"yoast_head":"<!-- This site is optimized with the Yoast SEO plugin v26.5 - https:\/\/yoast.com\/wordpress\/plugins\/seo\/ -->\n<title>Music Oil - Ortbell CMS<\/title>\n<meta name=\"robots\" content=\"index, follow, max-snippet:-1, max-image-preview:large, max-video-preview:-1\" \/>\n<link rel=\"canonical\" href=\"https:\/\/ortbell.com\/ca\/producto\/music-oil\/\" \/>\n<meta property=\"og:locale\" content=\"ca_ES\" \/>\n<meta property=\"og:type\" content=\"article\" \/>\n<meta property=\"og:title\" content=\"Music Oil - Ortbell CMS\" \/>\n<meta property=\"og:description\" content=\"0,5 Litres Premsat a l&#039;octubre\" \/>\n<meta property=\"og:url\" content=\"https:\/\/ortbell.com\/ca\/producto\/music-oil\/\" \/>\n<meta property=\"og:site_name\" content=\"Ortbell CMS\" \/>\n<meta property=\"article:modified_time\" content=\"2025-02-25T08:40:05+00:00\" \/>\n<meta property=\"og:image\" content=\"https:\/\/ortbell.com\/wp-content\/uploads\/2024\/11\/music-oil-producte-9.jpg\" \/>\n\t<meta property=\"og:image:width\" content=\"1000\" \/>\n\t<meta property=\"og:image:height\" content=\"1000\" \/>\n\t<meta property=\"og:image:type\" content=\"image\/jpeg\" \/>\n<meta name=\"twitter:card\" content=\"summary_large_image\" \/>\n<meta name=\"twitter:label1\" content=\"Temps estimat de lectura\" \/>\n\t<meta name=\"twitter:data1\" content=\"1 minut\" \/>\n<script type=\"application\/ld+json\" class=\"yoast-schema-graph\">{\"@context\":\"https:\/\/schema.org\",\"@graph\":[{\"@type\":\"WebPage\",\"@id\":\"https:\/\/ortbell.com\/ca\/producto\/music-oil\/\",\"url\":\"https:\/\/ortbell.com\/ca\/producto\/music-oil\/\",\"name\":\"Music Oil - Ortbell CMS\",\"isPartOf\":{\"@id\":\"https:\/\/ortbell.com\/#website\"},\"primaryImageOfPage\":{\"@id\":\"https:\/\/ortbell.com\/ca\/producto\/music-oil\/#primaryimage\"},\"image\":{\"@id\":\"https:\/\/ortbell.com\/ca\/producto\/music-oil\/#primaryimage\"},\"thumbnailUrl\":\"https:\/\/ortbell.com\/wp-content\/uploads\/2024\/11\/music-oil-producte-9.jpg\",\"datePublished\":\"2024-11-13T09:22:14+00:00\",\"dateModified\":\"2025-02-25T08:40:05+00:00\",\"breadcrumb\":{\"@id\":\"https:\/\/ortbell.com\/ca\/producto\/music-oil\/#breadcrumb\"},\"inLanguage\":\"ca\",\"potentialAction\":[{\"@type\":\"ReadAction\",\"target\":[\"https:\/\/ortbell.com\/ca\/producto\/music-oil\/\"]}]},{\"@type\":\"ImageObject\",\"inLanguage\":\"ca\",\"@id\":\"https:\/\/ortbell.com\/ca\/producto\/music-oil\/#primaryimage\",\"url\":\"https:\/\/ortbell.com\/wp-content\/uploads\/2024\/11\/music-oil-producte-9.jpg\",\"contentUrl\":\"https:\/\/ortbell.com\/wp-content\/uploads\/2024\/11\/music-oil-producte-9.jpg\",\"width\":1000,\"height\":1000},{\"@type\":\"BreadcrumbList\",\"@id\":\"https:\/\/ortbell.com\/ca\/producto\/music-oil\/#breadcrumb\",\"itemListElement\":[{\"@type\":\"ListItem\",\"position\":1,\"name\":\"Portada\",\"item\":\"https:\/\/ortbell.com\/\"},{\"@type\":\"ListItem\",\"position\":2,\"name\":\"BOTIGA\",\"item\":\"https:\/\/ortbell.com\/ca\/botiga\/\"},{\"@type\":\"ListItem\",\"position\":3,\"name\":\"Music Oil\"}]},{\"@type\":\"WebSite\",\"@id\":\"https:\/\/ortbell.com\/#website\",\"url\":\"https:\/\/ortbell.com\/\",\"name\":\"Ortbell CMS\",\"description\":\"Just another WordPress site\",\"potentialAction\":[{\"@type\":\"SearchAction\",\"target\":{\"@type\":\"EntryPoint\",\"urlTemplate\":\"https:\/\/ortbell.com\/?s={search_term_string}\"},\"query-input\":{\"@type\":\"PropertyValueSpecification\",\"valueRequired\":true,\"valueName\":\"search_term_string\"}}],\"inLanguage\":\"ca\"}]}<\/script>\n<!-- \/ Yoast SEO plugin. -->","yoast_head_json":{"title":"Music Oil - Ortbell CMS","robots":{"index":"index","follow":"follow","max-snippet":"max-snippet:-1","max-image-preview":"max-image-preview:large","max-video-preview":"max-video-preview:-1"},"canonical":"https:\/\/ortbell.com\/ca\/producto\/music-oil\/","og_locale":"ca_ES","og_type":"article","og_title":"Music Oil - Ortbell CMS","og_description":"0,5 Litres Premsat a l'octubre","og_url":"https:\/\/ortbell.com\/ca\/producto\/music-oil\/","og_site_name":"Ortbell CMS","article_modified_time":"2025-02-25T08:40:05+00:00","og_image":[{"width":1000,"height":1000,"url":"https:\/\/ortbell.com\/wp-content\/uploads\/2024\/11\/music-oil-producte-9.jpg","type":"image\/jpeg"}],"twitter_card":"summary_large_image","twitter_misc":{"Temps estimat de lectura":"1 minut"},"schema":{"@context":"https:\/\/schema.org","@graph":[{"@type":"WebPage","@id":"https:\/\/ortbell.com\/ca\/producto\/music-oil\/","url":"https:\/\/ortbell.com\/ca\/producto\/music-oil\/","name":"Music Oil - Ortbell CMS","isPartOf":{"@id":"https:\/\/ortbell.com\/#website"},"primaryImageOfPage":{"@id":"https:\/\/ortbell.com\/ca\/producto\/music-oil\/#primaryimage"},"image":{"@id":"https:\/\/ortbell.com\/ca\/producto\/music-oil\/#primaryimage"},"thumbnailUrl":"https:\/\/ortbell.com\/wp-content\/uploads\/2024\/11\/music-oil-producte-9.jpg","datePublished":"2024-11-13T09:22:14+00:00","dateModified":"2025-02-25T08:40:05+00:00","breadcrumb":{"@id":"https:\/\/ortbell.com\/ca\/producto\/music-oil\/#breadcrumb"},"inLanguage":"ca","potentialAction":[{"@type":"ReadAction","target":["https:\/\/ortbell.com\/ca\/producto\/music-oil\/"]}]},{"@type":"ImageObject","inLanguage":"ca","@id":"https:\/\/ortbell.com\/ca\/producto\/music-oil\/#primaryimage","url":"https:\/\/ortbell.com\/wp-content\/uploads\/2024\/11\/music-oil-producte-9.jpg","contentUrl":"https:\/\/ortbell.com\/wp-content\/uploads\/2024\/11\/music-oil-producte-9.jpg","width":1000,"height":1000},{"@type":"BreadcrumbList","@id":"https:\/\/ortbell.com\/ca\/producto\/music-oil\/#breadcrumb","itemListElement":[{"@type":"ListItem","position":1,"name":"Portada","item":"https:\/\/ortbell.com\/"},{"@type":"ListItem","position":2,"name":"BOTIGA","item":"https:\/\/ortbell.com\/ca\/botiga\/"},{"@type":"ListItem","position":3,"name":"Music Oil"}]},{"@type":"WebSite","@id":"https:\/\/ortbell.com\/#website","url":"https:\/\/ortbell.com\/","name":"Ortbell CMS","description":"Just another WordPress site","potentialAction":[{"@type":"SearchAction","target":{"@type":"EntryPoint","urlTemplate":"https:\/\/ortbell.com\/?s={search_term_string}"},"query-input":{"@type":"PropertyValueSpecification","valueRequired":true,"valueName":"search_term_string"}}],"inLanguage":"ca"}]}},"_links":{"self":[{"href":"https:\/\/ortbell.com\/ca\/wp-json\/wp\/v2\/product\/18","targetHints":{"allow":["GET"]}}],"collection":[{"href":"https:\/\/ortbell.com\/ca\/wp-json\/wp\/v2\/product"}],"about":[{"href":"https:\/\/ortbell.com\/ca\/wp-json\/wp\/v2\/types\/product"}],"replies":[{"embeddable":true,"href":"https:\/\/ortbell.com\/ca\/wp-json\/wp\/v2\/comments?post=18"}],"wp:featuredmedia":[{"embeddable":true,"href":"https:\/\/ortbell.com\/ca\/wp-json\/wp\/v2\/media\/1317"}],"wp:attachment":[{"href":"https:\/\/ortbell.com\/ca\/wp-json\/wp\/v2\/media?parent=18"}],"wp:term":[{"taxonomy":"product_brand","embeddable":true,"href":"https:\/\/ortbell.com\/ca\/wp-json\/wp\/v2\/product_brand?post=18"},{"taxonomy":"product_cat","embeddable":true,"href":"https:\/\/ortbell.com\/ca\/wp-json\/wp\/v2\/product_cat?post=18"},{"taxonomy":"product_tag","embeddable":true,"href":"https:\/\/ortbell.com\/ca\/wp-json\/wp\/v2\/product_tag?post=18"}],"curies":[{"name":"wp","href":"https:\/\/api.w.org\/{rel}","templated":true}]}}